{"id":7698,"date":"2025-11-17T08:10:57","date_gmt":"2025-11-17T13:10:57","guid":{"rendered":"https:\/\/axeosteo.com\/olivia-guthrie\/"},"modified":"2025-11-17T08:13:49","modified_gmt":"2025-11-17T13:13:49","slug":"olivia-guthrie","status":"publish","type":"page","link":"https:\/\/axeosteo.com\/en\/olivia-guthrie\/","title":{"rendered":"Olivia Guthrie"},"content":{"rendered":"\t\t<div data-elementor-type=\"wp-page\" data-elementor-id=\"7698\" class=\"elementor elementor-7698 elementor-7691\">\n\t\t\t\t\t\t<section class=\"elementor-section elementor-top-section elementor-element elementor-element-a6bace elementor-section-boxed elementor-section-height-default elementor-section-height-default\" data-id=\"a6bace\" data-element_type=\"section\">\n\t\t\t\t\t\t<div class=\"elementor-container elementor-column-gap-default\">\n\t\t\t\t\t<div class=\"elementor-column elementor-col-50 elementor-top-column elementor-element elementor-element-20f9dfbd\" data-id=\"20f9dfbd\" data-element_type=\"column\">\n\t\t\t<div class=\"elementor-widget-wrap elementor-element-populated\">\n\t\t\t\t\t\t<div class=\"elementor-element elementor-element-4942e55c elementor-widget elementor-widget-image\" data-id=\"4942e55c\" data-element_type=\"widget\" data-widget_type=\"image.default\">\n\t\t\t\t<div class=\"elementor-widget-container\">\n\t\t\t\t\t\t\t\t\t\t\t\t\t<img fetchpriority=\"high\" decoding=\"async\" width=\"350\" height=\"210\" src=\"https:\/\/axeosteo.com\/wp-content\/uploads\/2025\/11\/OliviaGuthrie.jpg\" class=\"attachment-large size-large wp-image-7694\" alt=\"OliviaGuthrie\" srcset=\"https:\/\/axeosteo.com\/wp-content\/uploads\/2025\/11\/OliviaGuthrie.jpg 350w, https:\/\/axeosteo.com\/wp-content\/uploads\/2025\/11\/OliviaGuthrie-300x180.jpg 300w\" sizes=\"(max-width: 350px) 100vw, 350px\" \/>\t\t\t\t\t\t\t\t\t\t\t\t\t<\/div>\n\t\t\t\t<\/div>\n\t\t\t\t\t<\/div>\n\t\t<\/div>\n\t\t\t\t<div class=\"elementor-column elementor-col-50 elementor-top-column elementor-element elementor-element-657a88cf\" data-id=\"657a88cf\" data-element_type=\"column\">\n\t\t\t<div class=\"elementor-widget-wrap elementor-element-populated\">\n\t\t\t\t\t\t<div class=\"elementor-element elementor-element-40a4b694 elementor-widget elementor-widget-heading\" data-id=\"40a4b694\" data-element_type=\"widget\" data-widget_type=\"heading.default\">\n\t\t\t\t<div class=\"elementor-widget-container\">\n\t\t\t<p class=\"elementor-heading-title elementor-size-default\">OLIVIA GUTHRIE,<br>Massotherapist<\/p>\t\t<\/div>\n\t\t\t\t<\/div>\n\t\t\t\t<div class=\"elementor-element elementor-element-7711e141 elementor-widget elementor-widget-text-editor\" data-id=\"7711e141\" data-element_type=\"widget\" data-widget_type=\"text-editor.default\">\n\t\t\t\t<div class=\"elementor-widget-container\">\n\t\t\t\t\t\t\t<p>I offer massage therapy services to both children and adults, and my greatest strength is my ability to adapt to each individual&#8217;s needs. A fitness instructor and trainer since 1997, I completed my massage therapy training at the Academy of Scientific Massage in 2018. My commitment to excellence is demonstrated by numerous training courses and certifications in both fitness and massage therapy. I look forward to welcoming you to the clinic!<\/p>\t\t\t\t\t\t<\/div>\n\t\t\t\t<\/div>\n\t\t\t\t<div class=\"elementor-element elementor-element-74d518d elementor-widget elementor-widget-text-editor\" data-id=\"74d518d\" data-element_type=\"widget\" data-widget_type=\"text-editor.default\">\n\t\t\t\t<div class=\"elementor-widget-container\">\n\t\t\t\t\t\t\t<p><span style=\"color: #f26156;\"><strong>To make an appointment, please call 450-965-0555<\/strong><\/span><\/p>\t\t\t\t\t\t<\/div>\n\t\t\t\t<\/div>\n\t\t\t\t\t<\/div>\n\t\t<\/div>\n\t\t\t\t\t<\/div>\n\t\t<\/section>\n\t\t\t\t<\/div>\n\t\t","protected":false},"excerpt":{"rendered":"<p>OLIVIA GUTHRIE,Massotherapist I offer massage therapy services to both children and adults, and my greatest strength is my ability to adapt to each individual&#8217;s needs. A fitness instructor and trainer since 1997, I completed my massage therapy training at the Academy of Scientific Massage in 2018. My commitment to excellence is demonstrated by numerous training [&hellip;]<\/p>\n","protected":false},"author":1,"featured_media":0,"parent":0,"menu_order":0,"comment_status":"closed","ping_status":"closed","template":"","meta":{"slim_seo":{"title":"Philippe Paquin","description":"Ost\u00e9opathe, DO, MOQ chez Ax\u00e9 Ost\u00e9o"},"footnotes":""},"class_list":["post-7698","page","type-page","status-publish","hentry"],"_links":{"self":[{"href":"https:\/\/axeosteo.com\/en\/wp-json\/wp\/v2\/pages\/7698","targetHints":{"allow":["GET"]}}],"collection":[{"href":"https:\/\/axeosteo.com\/en\/wp-json\/wp\/v2\/pages"}],"about":[{"href":"https:\/\/axeosteo.com\/en\/wp-json\/wp\/v2\/types\/page"}],"author":[{"embeddable":true,"href":"https:\/\/axeosteo.com\/en\/wp-json\/wp\/v2\/users\/1"}],"replies":[{"embeddable":true,"href":"https:\/\/axeosteo.com\/en\/wp-json\/wp\/v2\/comments?post=7698"}],"version-history":[{"count":5,"href":"https:\/\/axeosteo.com\/en\/wp-json\/wp\/v2\/pages\/7698\/revisions"}],"predecessor-version":[{"id":7703,"href":"https:\/\/axeosteo.com\/en\/wp-json\/wp\/v2\/pages\/7698\/revisions\/7703"}],"wp:attachment":[{"href":"https:\/\/axeosteo.com\/en\/wp-json\/wp\/v2\/media?parent=7698"}],"curies":[{"name":"wp","href":"https:\/\/api.w.org\/{rel}","templated":true}]}}