{"id":7636,"date":"2025-09-05T09:00:20","date_gmt":"2025-09-05T13:00:20","guid":{"rendered":"https:\/\/axeosteo.com\/thibault-cravois-2\/"},"modified":"2025-09-24T09:12:51","modified_gmt":"2025-09-24T13:12:51","slug":"thibault-cravois-2","status":"publish","type":"page","link":"https:\/\/axeosteo.com\/en\/thibault-cravois-2\/","title":{"rendered":"Thibault Cravois"},"content":{"rendered":"\t\t<div data-elementor-type=\"wp-page\" data-elementor-id=\"7636\" class=\"elementor elementor-7636\">\n\t\t\t\t\t\t<section class=\"elementor-section elementor-top-section elementor-element elementor-element-5377edc6 elementor-section-boxed elementor-section-height-default elementor-section-height-default\" data-id=\"5377edc6\" data-element_type=\"section\">\n\t\t\t\t\t\t<div class=\"elementor-container elementor-column-gap-default\">\n\t\t\t\t\t<div class=\"elementor-column elementor-col-50 elementor-top-column elementor-element elementor-element-75e529b0\" data-id=\"75e529b0\" data-element_type=\"column\">\n\t\t\t<div class=\"elementor-widget-wrap elementor-element-populated\">\n\t\t\t\t\t\t<div class=\"elementor-element elementor-element-5090f4c0 elementor-widget elementor-widget-image\" data-id=\"5090f4c0\" data-element_type=\"widget\" data-widget_type=\"image.default\">\n\t\t\t\t<div class=\"elementor-widget-container\">\n\t\t\t\t\t\t\t\t\t\t\t\t\t<img fetchpriority=\"high\" decoding=\"async\" width=\"1024\" height=\"703\" src=\"https:\/\/axeosteo.com\/wp-content\/uploads\/2025\/09\/Thibault2-1024x703.jpg\" class=\"attachment-large size-large wp-image-7593\" alt=\"Thibault2\" srcset=\"https:\/\/axeosteo.com\/wp-content\/uploads\/2025\/09\/Thibault2-1024x703.jpg 1024w, https:\/\/axeosteo.com\/wp-content\/uploads\/2025\/09\/Thibault2-300x206.jpg 300w, https:\/\/axeosteo.com\/wp-content\/uploads\/2025\/09\/Thibault2-768x527.jpg 768w, https:\/\/axeosteo.com\/wp-content\/uploads\/2025\/09\/Thibault2.jpg 1440w\" sizes=\"(max-width: 1024px) 100vw, 1024px\" \/>\t\t\t\t\t\t\t\t\t\t\t\t\t<\/div>\n\t\t\t\t<\/div>\n\t\t\t\t\t<\/div>\n\t\t<\/div>\n\t\t\t\t<div class=\"elementor-column elementor-col-50 elementor-top-column elementor-element elementor-element-41be570e\" data-id=\"41be570e\" data-element_type=\"column\">\n\t\t\t<div class=\"elementor-widget-wrap elementor-element-populated\">\n\t\t\t\t\t\t<div class=\"elementor-element elementor-element-3ed63812 elementor-widget elementor-widget-heading\" data-id=\"3ed63812\" data-element_type=\"widget\" data-widget_type=\"heading.default\">\n\t\t\t\t<div class=\"elementor-widget-container\">\n\t\t\t<p class=\"elementor-heading-title elementor-size-default\">Thibault Cavrois<br>Osteopath, Member of RITMA.<\/p>\t\t<\/div>\n\t\t\t\t<\/div>\n\t\t\t\t<div class=\"elementor-element elementor-element-15334877 elementor-widget elementor-widget-text-editor\" data-id=\"15334877\" data-element_type=\"widget\" data-widget_type=\"text-editor.default\">\n\t\t\t\t<div class=\"elementor-widget-container\">\n\t\t\t\t\t\t\t<p>A sporty person from an early age, he was introduced to osteopathy when he was very young. From his experience as a patient, values emerged that he now integrates daily into his practice as an osteopath: high standards and rigor at a high level, combined with active listening.<\/p>\t\t\t\t\t\t<\/div>\n\t\t\t\t<\/div>\n\t\t\t\t<div class=\"elementor-element elementor-element-39434b3b elementor-widget elementor-widget-text-editor\" data-id=\"39434b3b\" data-element_type=\"widget\" data-widget_type=\"text-editor.default\">\n\t\t\t\t<div class=\"elementor-widget-container\">\n\t\t\t\t\t\t\t<p><span style=\"color: #f26156;\"><strong>To make an appointment, please call 450-965-0555.<\/strong><\/span><\/p>\t\t\t\t\t\t<\/div>\n\t\t\t\t<\/div>\n\t\t\t\t\t<\/div>\n\t\t<\/div>\n\t\t\t\t\t<\/div>\n\t\t<\/section>\n\t\t\t\t<\/div>\n\t\t","protected":false},"excerpt":{"rendered":"<p>Thibault CavroisOsteopath, Member of RITMA. A sporty person from an early age, he was introduced to osteopathy when he was very young. From his experience as a patient, values emerged that he now integrates daily into his practice as an osteopath: high standards and rigor at a high level, combined with active listening. To make [&hellip;]<\/p>\n","protected":false},"author":2,"featured_media":0,"parent":0,"menu_order":0,"comment_status":"closed","ping_status":"closed","template":"","meta":{"slim_seo":{"title":"Thibault Cravois - Ax\u00e9 Ost\u00e9o","description":"Thibault Cavrois Ost\u00e9opathe, Membre RITMA Sportif depuis toujours, il a \u00e9t\u00e9 introduit \u00e0 l\u2019ost\u00e9opathie d\u00e8s son plus jeune \u00e2ge."},"footnotes":""},"class_list":["post-7636","page","type-page","status-publish","hentry"],"_links":{"self":[{"href":"https:\/\/axeosteo.com\/en\/wp-json\/wp\/v2\/pages\/7636","targetHints":{"allow":["GET"]}}],"collection":[{"href":"https:\/\/axeosteo.com\/en\/wp-json\/wp\/v2\/pages"}],"about":[{"href":"https:\/\/axeosteo.com\/en\/wp-json\/wp\/v2\/types\/page"}],"author":[{"embeddable":true,"href":"https:\/\/axeosteo.com\/en\/wp-json\/wp\/v2\/users\/2"}],"replies":[{"embeddable":true,"href":"https:\/\/axeosteo.com\/en\/wp-json\/wp\/v2\/comments?post=7636"}],"version-history":[{"count":4,"href":"https:\/\/axeosteo.com\/en\/wp-json\/wp\/v2\/pages\/7636\/revisions"}],"predecessor-version":[{"id":7650,"href":"https:\/\/axeosteo.com\/en\/wp-json\/wp\/v2\/pages\/7636\/revisions\/7650"}],"wp:attachment":[{"href":"https:\/\/axeosteo.com\/en\/wp-json\/wp\/v2\/media?parent=7636"}],"curies":[{"name":"wp","href":"https:\/\/api.w.org\/{rel}","templated":true}]}}