{"id":7123,"date":"2024-11-14T11:33:39","date_gmt":"2024-11-14T16:33:39","guid":{"rendered":"https:\/\/insitucreative.com\/axeosteo\/valerie-girard\/"},"modified":"2025-08-13T07:06:29","modified_gmt":"2025-08-13T11:06:29","slug":"valerie-girard","status":"publish","type":"page","link":"https:\/\/axeosteo.com\/en\/valerie-girard\/","title":{"rendered":"Val\u00e9rie Girard"},"content":{"rendered":"\t\t<div data-elementor-type=\"wp-page\" data-elementor-id=\"7123\" class=\"elementor elementor-7123 elementor-7035\">\n\t\t\t\t\t\t<section class=\"elementor-section elementor-top-section elementor-element elementor-element-34a4f751 elementor-section-boxed elementor-section-height-default elementor-section-height-default\" data-id=\"34a4f751\" data-element_type=\"section\">\n\t\t\t\t\t\t<div class=\"elementor-container elementor-column-gap-default\">\n\t\t\t\t\t<div class=\"elementor-column elementor-col-50 elementor-top-column elementor-element elementor-element-44471f47\" data-id=\"44471f47\" data-element_type=\"column\">\n\t\t\t<div class=\"elementor-widget-wrap elementor-element-populated\">\n\t\t\t\t\t\t<div class=\"elementor-element elementor-element-69578785 elementor-widget elementor-widget-image\" data-id=\"69578785\" data-element_type=\"widget\" data-widget_type=\"image.default\">\n\t\t\t\t<div class=\"elementor-widget-container\">\n\t\t\t\t\t\t\t\t\t\t\t\t\t<img fetchpriority=\"high\" decoding=\"async\" width=\"1000\" height=\"600\" src=\"https:\/\/axeosteo.com\/wp-content\/uploads\/2024\/10\/valeriegirard.jpg\" class=\"attachment-large size-large wp-image-6364\" alt=\"Valeriegirard\" srcset=\"https:\/\/axeosteo.com\/wp-content\/uploads\/2024\/10\/valeriegirard.jpg 1000w, https:\/\/axeosteo.com\/wp-content\/uploads\/2024\/10\/valeriegirard-300x180.jpg 300w, https:\/\/axeosteo.com\/wp-content\/uploads\/2024\/10\/valeriegirard-768x461.jpg 768w, https:\/\/axeosteo.com\/wp-content\/uploads\/2024\/10\/elementor\/thumbs\/valeriegirard-qvr0uhhvmdjumc6g7sn0p5isbux9lzrb50gc5sibp0.jpg 350w\" sizes=\"(max-width: 1000px) 100vw, 1000px\" \/>\t\t\t\t\t\t\t\t\t\t\t\t\t<\/div>\n\t\t\t\t<\/div>\n\t\t\t\t\t<\/div>\n\t\t<\/div>\n\t\t\t\t<div class=\"elementor-column elementor-col-50 elementor-top-column elementor-element elementor-element-55d0edaa\" data-id=\"55d0edaa\" data-element_type=\"column\">\n\t\t\t<div class=\"elementor-widget-wrap elementor-element-populated\">\n\t\t\t\t\t\t<div class=\"elementor-element elementor-element-39e09288 elementor-widget elementor-widget-heading\" data-id=\"39e09288\" data-element_type=\"widget\" data-widget_type=\"heading.default\">\n\t\t\t\t<div class=\"elementor-widget-container\">\n\t\t\t<p class=\"elementor-heading-title elementor-size-default\">VAL\u00c9RIE GIRARD<br>Clinic Owner<br>Osteopath, DO, MOQ, BSc. Ergotherapy<\/p>\t\t<\/div>\n\t\t\t\t<\/div>\n\t\t\t\t<div class=\"elementor-element elementor-element-7dabd4ea elementor-widget elementor-widget-text-editor\" data-id=\"7dabd4ea\" data-element_type=\"widget\" data-widget_type=\"text-editor.default\">\n\t\t\t\t<div class=\"elementor-widget-container\">\n\t\t\t\t\t\t\t<p>Val\u00e9rie first completed a bachelor&#8217;s degree in occupational therapy at Laval University (1997). After working in CLSC with a clientele receiving home support and a pediatric clientele in outpatient settings, she obtained her diploma in osteopathy (2006) from the Osteopathic Center of Quebec (COQ).<\/p><p>In her practice, she primarily serves a female clientele, as well as infants, children, and adolescents. Over the years, Val\u00e9rie has developed expertise in working with infants facing various challenges, including plagiocephaly, torticollis, and difficulties with breastfeeding. She also has a keen interest in oro-facial issues and the discomfort associated with hormonal fluctuations. Since 2013, she has been a professor during clinical days in pediatrics for osteopathy students at COQ.<\/p><p>As a co-owner of the Ax\u00e9 Ost\u00e9o clinic since 2010, she is dedicated to its development, ensuring exemplary customer service provided by a team of rigorous and exceptional therapists! In her personal life, Val\u00e9rie also has a strong interest in various sports, particularly running, yoga, and alpine skiing, which she practices with her three children.<span style=\"color: #f26156;\"><\/span><\/p>\t\t\t\t\t\t<\/div>\n\t\t\t\t<\/div>\n\t\t\t\t<div class=\"elementor-element elementor-element-d504ec9 elementor-widget elementor-widget-text-editor\" data-id=\"d504ec9\" data-element_type=\"widget\" data-widget_type=\"text-editor.default\">\n\t\t\t\t<div class=\"elementor-widget-container\">\n\t\t\t\t\t\t\t<p><span style=\"color: #f26156;\"><strong>To make an appointment, please call 450 965-0555<\/strong><\/span><\/p>\t\t\t\t\t\t<\/div>\n\t\t\t\t<\/div>\n\t\t\t\t\t<\/div>\n\t\t<\/div>\n\t\t\t\t\t<\/div>\n\t\t<\/section>\n\t\t\t\t<\/div>\n\t\t","protected":false},"excerpt":{"rendered":"<p>VAL\u00c9RIE GIRARDClinic OwnerOsteopath, DO, MOQ, BSc. Ergotherapy Val\u00e9rie first completed a bachelor&#8217;s degree in occupational therapy at Laval University (1997). After working in CLSC with a clientele receiving home support and a pediatric clientele in outpatient settings, she obtained her diploma in osteopathy (2006) from the Osteopathic Center of Quebec (COQ). In her practice, she [&hellip;]<\/p>\n","protected":false},"author":1,"featured_media":0,"parent":0,"menu_order":0,"comment_status":"closed","ping_status":"closed","template":"","meta":{"slim_seo":{"title":"Val\u00e9rie Girard","description":"Osteopath, DO, MOQ, BSc. Ergotherapist at Ax\u00e9 Ost\u00e9o"},"footnotes":""},"class_list":["post-7123","page","type-page","status-publish","hentry"],"_links":{"self":[{"href":"https:\/\/axeosteo.com\/en\/wp-json\/wp\/v2\/pages\/7123","targetHints":{"allow":["GET"]}}],"collection":[{"href":"https:\/\/axeosteo.com\/en\/wp-json\/wp\/v2\/pages"}],"about":[{"href":"https:\/\/axeosteo.com\/en\/wp-json\/wp\/v2\/types\/page"}],"author":[{"embeddable":true,"href":"https:\/\/axeosteo.com\/en\/wp-json\/wp\/v2\/users\/1"}],"replies":[{"embeddable":true,"href":"https:\/\/axeosteo.com\/en\/wp-json\/wp\/v2\/comments?post=7123"}],"version-history":[{"count":4,"href":"https:\/\/axeosteo.com\/en\/wp-json\/wp\/v2\/pages\/7123\/revisions"}],"predecessor-version":[{"id":7562,"href":"https:\/\/axeosteo.com\/en\/wp-json\/wp\/v2\/pages\/7123\/revisions\/7562"}],"wp:attachment":[{"href":"https:\/\/axeosteo.com\/en\/wp-json\/wp\/v2\/media?parent=7123"}],"curies":[{"name":"wp","href":"https:\/\/api.w.org\/{rel}","templated":true}]}}