{"id":7099,"date":"2024-11-14T11:30:46","date_gmt":"2024-11-14T16:30:46","guid":{"rendered":"https:\/\/insitucreative.com\/axeosteo\/nancy-bruyere\/"},"modified":"2024-12-03T10:55:22","modified_gmt":"2024-12-03T15:55:22","slug":"nancy-bruyere","status":"publish","type":"page","link":"https:\/\/axeosteo.com\/en\/nancy-bruyere\/","title":{"rendered":"Nancy Bruy\u00e8re"},"content":{"rendered":"\t\t<div data-elementor-type=\"wp-page\" data-elementor-id=\"7099\" class=\"elementor elementor-7099 elementor-7029\">\n\t\t\t\t\t\t<section class=\"elementor-section elementor-top-section elementor-element elementor-element-7ae16a98 elementor-section-boxed elementor-section-height-default elementor-section-height-default\" data-id=\"7ae16a98\" data-element_type=\"section\">\n\t\t\t\t\t\t<div class=\"elementor-container elementor-column-gap-default\">\n\t\t\t\t\t<div class=\"elementor-column elementor-col-50 elementor-top-column elementor-element elementor-element-403065a0\" data-id=\"403065a0\" data-element_type=\"column\">\n\t\t\t<div class=\"elementor-widget-wrap elementor-element-populated\">\n\t\t\t\t\t\t<div class=\"elementor-element elementor-element-31c1993d elementor-widget elementor-widget-image\" data-id=\"31c1993d\" data-element_type=\"widget\" data-widget_type=\"image.default\">\n\t\t\t\t<div class=\"elementor-widget-container\">\n\t\t\t\t\t\t\t\t\t\t\t\t\t<img fetchpriority=\"high\" decoding=\"async\" width=\"1000\" height=\"600\" src=\"https:\/\/axeosteo.com\/wp-content\/uploads\/2024\/10\/IMG_7643.jpg\" class=\"attachment-large size-large wp-image-6666\" alt=\"IMG\" srcset=\"https:\/\/axeosteo.com\/wp-content\/uploads\/2024\/10\/IMG_7643.jpg 1000w, https:\/\/axeosteo.com\/wp-content\/uploads\/2024\/10\/IMG_7643-300x180.jpg 300w, https:\/\/axeosteo.com\/wp-content\/uploads\/2024\/10\/IMG_7643-768x461.jpg 768w, https:\/\/axeosteo.com\/wp-content\/uploads\/2024\/10\/elementor\/thumbs\/IMG_7643-r003xu99dnb6ri1pc0aekrmhs1rbuhfyin6nert3uc.jpg 350w\" sizes=\"(max-width: 1000px) 100vw, 1000px\" \/>\t\t\t\t\t\t\t\t\t\t\t\t\t<\/div>\n\t\t\t\t<\/div>\n\t\t\t\t\t<\/div>\n\t\t<\/div>\n\t\t\t\t<div class=\"elementor-column elementor-col-50 elementor-top-column elementor-element elementor-element-7a2cec6c\" data-id=\"7a2cec6c\" data-element_type=\"column\">\n\t\t\t<div class=\"elementor-widget-wrap elementor-element-populated\">\n\t\t\t\t\t\t<div class=\"elementor-element elementor-element-4b690a47 elementor-widget elementor-widget-heading\" data-id=\"4b690a47\" data-element_type=\"widget\" data-widget_type=\"heading.default\">\n\t\t\t\t<div class=\"elementor-widget-container\">\n\t\t\t<p class=\"elementor-heading-title elementor-size-default\">NANCY BRUY\u00c8RE<br>Osteopath, DO, MOQ, BSc. Kinesiology<\/p>\t\t<\/div>\n\t\t\t\t<\/div>\n\t\t\t\t<div class=\"elementor-element elementor-element-10cbca7d elementor-widget elementor-widget-text-editor\" data-id=\"10cbca7d\" data-element_type=\"widget\" data-widget_type=\"text-editor.default\">\n\t\t\t\t<div class=\"elementor-widget-container\">\n\t\t\t\t\t\t\t<p>Nancy began her professional journey as a specialist in the field of physical activity after earning her bachelor&#8217;s degree in kinesiology. From the outset, she had a clear preference for rehabilitation. This led her, in 2010, to return to school at the College of Osteopathic Studies, realizing that osteopathy would give her greater power to address the discomforts and limitations of her clients. She has a particular fondness for pediatric, obstetric, and neuroatypical clients. With specialized skills in dealing with scoliosis (she has quite a clientele in this area :), concussions, respiratory issues, and jaw problems, she is a tremendous asset to this multidimensional team.<\/p><p>Anyone who knows Nancy understands that her big heart, rigor, smile, and dedication are at the core of her work. In the &#8220;would you have guessed&#8221; category, Nancy enjoys reading, drawing, and painting in her free time. She is also the mother of two wonderful children.<span style=\"color: #f26156;\"><\/span><\/p>\t\t\t\t\t\t<\/div>\n\t\t\t\t<\/div>\n\t\t\t\t<div class=\"elementor-element elementor-element-6d6ecf5 elementor-widget elementor-widget-text-editor\" data-id=\"6d6ecf5\" data-element_type=\"widget\" data-widget_type=\"text-editor.default\">\n\t\t\t\t<div class=\"elementor-widget-container\">\n\t\t\t\t\t\t\t<p><span style=\"color: #f26156;\"><strong>To make an appointment, please call 450 965-0555<\/strong><\/span><\/p>\t\t\t\t\t\t<\/div>\n\t\t\t\t<\/div>\n\t\t\t\t\t<\/div>\n\t\t<\/div>\n\t\t\t\t\t<\/div>\n\t\t<\/section>\n\t\t\t\t<\/div>\n\t\t","protected":false},"excerpt":{"rendered":"<p>NANCY BRUY\u00c8REOsteopath, DO, MOQ, BSc. Kinesiology Nancy began her professional journey as a specialist in the field of physical activity after earning her bachelor&#8217;s degree in kinesiology. From the outset, she had a clear preference for rehabilitation. This led her, in 2010, to return to school at the College of Osteopathic Studies, realizing that osteopathy [&hellip;]<\/p>\n","protected":false},"author":1,"featured_media":0,"parent":0,"menu_order":0,"comment_status":"closed","ping_status":"closed","template":"","meta":{"slim_seo":{"title":"Nancy Bruy\u00e8re","description":"Osteopath, DO, MOQ, BSc. Kinesiology at Ax\u00e9 Ost\u00e9o"},"footnotes":""},"class_list":["post-7099","page","type-page","status-publish","hentry"],"_links":{"self":[{"href":"https:\/\/axeosteo.com\/en\/wp-json\/wp\/v2\/pages\/7099","targetHints":{"allow":["GET"]}}],"collection":[{"href":"https:\/\/axeosteo.com\/en\/wp-json\/wp\/v2\/pages"}],"about":[{"href":"https:\/\/axeosteo.com\/en\/wp-json\/wp\/v2\/types\/page"}],"author":[{"embeddable":true,"href":"https:\/\/axeosteo.com\/en\/wp-json\/wp\/v2\/users\/1"}],"replies":[{"embeddable":true,"href":"https:\/\/axeosteo.com\/en\/wp-json\/wp\/v2\/comments?post=7099"}],"version-history":[{"count":1,"href":"https:\/\/axeosteo.com\/en\/wp-json\/wp\/v2\/pages\/7099\/revisions"}],"predecessor-version":[{"id":7271,"href":"https:\/\/axeosteo.com\/en\/wp-json\/wp\/v2\/pages\/7099\/revisions\/7271"}],"wp:attachment":[{"href":"https:\/\/axeosteo.com\/en\/wp-json\/wp\/v2\/media?parent=7099"}],"curies":[{"name":"wp","href":"https:\/\/api.w.org\/{rel}","templated":true}]}}