{"id":7075,"date":"2024-11-14T11:26:55","date_gmt":"2024-11-14T16:26:55","guid":{"rendered":"https:\/\/insitucreative.com\/axeosteo\/felix-vallieres\/"},"modified":"2024-12-03T10:51:39","modified_gmt":"2024-12-03T15:51:39","slug":"felix-vallieres","status":"publish","type":"page","link":"https:\/\/axeosteo.com\/en\/felix-vallieres\/","title":{"rendered":"F\u00e9lix Valli\u00e8res"},"content":{"rendered":"\t\t<div data-elementor-type=\"wp-page\" data-elementor-id=\"7075\" class=\"elementor elementor-7075 elementor-7002\">\n\t\t\t\t\t\t<section class=\"elementor-section elementor-top-section elementor-element elementor-element-37de9e80 elementor-section-boxed elementor-section-height-default elementor-section-height-default\" data-id=\"37de9e80\" data-element_type=\"section\">\n\t\t\t\t\t\t<div class=\"elementor-container elementor-column-gap-default\">\n\t\t\t\t\t<div class=\"elementor-column elementor-col-50 elementor-top-column elementor-element elementor-element-59d8c9d3\" data-id=\"59d8c9d3\" data-element_type=\"column\">\n\t\t\t<div class=\"elementor-widget-wrap elementor-element-populated\">\n\t\t\t\t\t\t<div class=\"elementor-element elementor-element-2899edf8 elementor-widget elementor-widget-image\" data-id=\"2899edf8\" data-element_type=\"widget\" data-widget_type=\"image.default\">\n\t\t\t\t<div class=\"elementor-widget-container\">\n\t\t\t\t\t\t\t\t\t\t\t\t\t<img fetchpriority=\"high\" decoding=\"async\" width=\"1000\" height=\"600\" src=\"https:\/\/axeosteo.com\/wp-content\/uploads\/2024\/10\/IMG_3961.jpg\" class=\"attachment-large size-large wp-image-6662\" alt=\"IMG\" srcset=\"https:\/\/axeosteo.com\/wp-content\/uploads\/2024\/10\/IMG_3961.jpg 1000w, https:\/\/axeosteo.com\/wp-content\/uploads\/2024\/10\/IMG_3961-300x180.jpg 300w, https:\/\/axeosteo.com\/wp-content\/uploads\/2024\/10\/IMG_3961-768x461.jpg 768w, https:\/\/axeosteo.com\/wp-content\/uploads\/2024\/10\/elementor\/thumbs\/IMG_3961-r003xu99dnb6ri1pc0aekrmhs1rbuhfyin6nert3uc.jpg 350w\" sizes=\"(max-width: 1000px) 100vw, 1000px\" \/>\t\t\t\t\t\t\t\t\t\t\t\t\t<\/div>\n\t\t\t\t<\/div>\n\t\t\t\t\t<\/div>\n\t\t<\/div>\n\t\t\t\t<div class=\"elementor-column elementor-col-50 elementor-top-column elementor-element elementor-element-31f24871\" data-id=\"31f24871\" data-element_type=\"column\">\n\t\t\t<div class=\"elementor-widget-wrap elementor-element-populated\">\n\t\t\t\t\t\t<div class=\"elementor-element elementor-element-4bfb6317 elementor-widget elementor-widget-heading\" data-id=\"4bfb6317\" data-element_type=\"widget\" data-widget_type=\"heading.default\">\n\t\t\t\t<div class=\"elementor-widget-container\">\n\t\t\t<p class=\"elementor-heading-title elementor-size-default\">F\u00c9LIX VALLI\u00c8RES<br>Massotherapist<\/p>\t\t<\/div>\n\t\t\t\t<\/div>\n\t\t\t\t<div class=\"elementor-element elementor-element-433fabcb elementor-widget elementor-widget-text-editor\" data-id=\"433fabcb\" data-element_type=\"widget\" data-widget_type=\"text-editor.default\">\n\t\t\t\t<div class=\"elementor-widget-container\">\n\t\t\t\t\t\t\t<p>F\u00e9lix completed his training in massage therapy and his training in physiotherapy in the spring of 2024. He also obtained his training in sports massage and his taping certification. F\u00e9lix is a born athlete and trains regularly in the gym, which fuels his strong interest in the athletic clientele. Whether you are looking for a therapeutic massage to relieve an injury, to prevent tension buildup in order to maximize your sports performance, or simply to relax, F\u00e9lix is your man!<\/p><p><a href=\"https:\/\/www.gorendezvous.com\/en\/axeosteo\/\" target=\"_blank\" rel=\"noopener\"><span style=\"text-decoration: underline;\"><strong><span style=\"color: #f26156; text-decoration: underline;\">Make an appointment with F\u00e9lix<\/span><\/strong><\/span><\/a><\/p>\t\t\t\t\t\t<\/div>\n\t\t\t\t<\/div>\n\t\t\t\t\t<\/div>\n\t\t<\/div>\n\t\t\t\t\t<\/div>\n\t\t<\/section>\n\t\t\t\t<\/div>\n\t\t","protected":false},"excerpt":{"rendered":"<p>F\u00c9LIX VALLI\u00c8RESMassotherapist F\u00e9lix completed his training in massage therapy and his training in physiotherapy in the spring of 2024. He also obtained his training in sports massage and his taping certification. F\u00e9lix is a born athlete and trains regularly in the gym, which fuels his strong interest in the athletic clientele. Whether you are looking [&hellip;]<\/p>\n","protected":false},"author":1,"featured_media":0,"parent":0,"menu_order":0,"comment_status":"closed","ping_status":"closed","template":"","meta":{"slim_seo":{"title":"F\u00e9lix Valli\u00e8res","description":"Massotherapist at Ax\u00e9 Ost\u00e9o"},"footnotes":""},"class_list":["post-7075","page","type-page","status-publish","hentry"],"_links":{"self":[{"href":"https:\/\/axeosteo.com\/en\/wp-json\/wp\/v2\/pages\/7075","targetHints":{"allow":["GET"]}}],"collection":[{"href":"https:\/\/axeosteo.com\/en\/wp-json\/wp\/v2\/pages"}],"about":[{"href":"https:\/\/axeosteo.com\/en\/wp-json\/wp\/v2\/types\/page"}],"author":[{"embeddable":true,"href":"https:\/\/axeosteo.com\/en\/wp-json\/wp\/v2\/users\/1"}],"replies":[{"embeddable":true,"href":"https:\/\/axeosteo.com\/en\/wp-json\/wp\/v2\/comments?post=7075"}],"version-history":[{"count":1,"href":"https:\/\/axeosteo.com\/en\/wp-json\/wp\/v2\/pages\/7075\/revisions"}],"predecessor-version":[{"id":7265,"href":"https:\/\/axeosteo.com\/en\/wp-json\/wp\/v2\/pages\/7075\/revisions\/7265"}],"wp:attachment":[{"href":"https:\/\/axeosteo.com\/en\/wp-json\/wp\/v2\/media?parent=7075"}],"curies":[{"name":"wp","href":"https:\/\/api.w.org\/{rel}","templated":true}]}}