{"id":6404,"date":"2024-09-23T12:43:52","date_gmt":"2024-09-23T16:43:52","guid":{"rendered":"https:\/\/insitucreative.com\/axeosteo\/osteopathie\/"},"modified":"2024-12-03T10:57:00","modified_gmt":"2024-12-03T15:57:00","slug":"osteopathie","status":"publish","type":"page","link":"https:\/\/axeosteo.com\/en\/osteopathie\/","title":{"rendered":"Osteopathy"},"content":{"rendered":"\t\t<div data-elementor-type=\"wp-page\" data-elementor-id=\"6404\" class=\"elementor elementor-6404 elementor-5760\">\n\t\t\t\t\t\t<section class=\"elementor-section elementor-top-section elementor-element elementor-element-2b42f9a elementor-section-full_width elementor-reverse-tablet elementor-reverse-mobile elementor-section-height-default elementor-section-height-default\" data-id=\"2b42f9a\" data-element_type=\"section\" data-settings=\"{&quot;background_background&quot;:&quot;classic&quot;}\">\n\t\t\t\t\t\t<div class=\"elementor-container elementor-column-gap-default\">\n\t\t\t\t\t<div class=\"elementor-column elementor-col-50 elementor-top-column elementor-element elementor-element-6f37213\" data-id=\"6f37213\" data-element_type=\"column\" data-settings=\"{&quot;background_background&quot;:&quot;classic&quot;}\">\n\t\t\t<div class=\"elementor-widget-wrap elementor-element-populated\">\n\t\t\t\t\t\t<div class=\"elementor-element elementor-element-cbc5bbe elementor-widget__width-initial elementor-widget elementor-widget-image\" data-id=\"cbc5bbe\" data-element_type=\"widget\" data-widget_type=\"image.default\">\n\t\t\t\t<div class=\"elementor-widget-container\">\n\t\t\t\t\t\t\t\t\t\t\t\t\t<img fetchpriority=\"high\" decoding=\"async\" width=\"722\" height=\"480\" src=\"https:\/\/axeosteo.com\/wp-content\/uploads\/2024\/09\/osteopathie.jpg\" class=\"attachment-large size-large wp-image-6344\" alt=\"Osteopathie\" srcset=\"https:\/\/axeosteo.com\/wp-content\/uploads\/2024\/09\/osteopathie.jpg 722w, https:\/\/axeosteo.com\/wp-content\/uploads\/2024\/09\/osteopathie-300x199.jpg 300w\" sizes=\"(max-width: 722px) 100vw, 722px\" \/>\t\t\t\t\t\t\t\t\t\t\t\t\t<\/div>\n\t\t\t\t<\/div>\n\t\t\t\t\t<\/div>\n\t\t<\/div>\n\t\t\t\t<div class=\"elementor-column elementor-col-50 elementor-top-column elementor-element elementor-element-99116ec\" data-id=\"99116ec\" data-element_type=\"column\" data-settings=\"{&quot;background_background&quot;:&quot;classic&quot;}\">\n\t\t\t<div class=\"elementor-widget-wrap elementor-element-populated\">\n\t\t\t\t\t\t<div class=\"elementor-element elementor-element-c89ae77 elementor-widget elementor-widget-spacer\" data-id=\"c89ae77\" data-element_type=\"widget\" data-widget_type=\"spacer.default\">\n\t\t\t\t<div class=\"elementor-widget-container\">\n\t\t\t\t\t<div class=\"elementor-spacer\">\n\t\t\t<div class=\"elementor-spacer-inner\"><\/div>\n\t\t<\/div>\n\t\t\t\t<\/div>\n\t\t\t\t<\/div>\n\t\t\t\t<div class=\"elementor-element elementor-element-ce56e0f elementor-widget__width-inherit elementor-widget-tablet__width-initial divider_yes aleft elementor-widget elementor-widget-wgl-double-heading\" data-id=\"ce56e0f\" data-element_type=\"widget\" data-widget_type=\"wgl-double-heading.default\">\n\t\t\t\t<div class=\"elementor-widget-container\">\n\t\t\t<div class=\"wgl-double-heading\"><h3 class=\"dblh__title-wrapper\"><span class=\"dblh__title dblh__title-1\">OSTEOPATHY<\/span><\/h3><span class=\"dblh__divider\"><\/span><\/div>\t\t<\/div>\n\t\t\t\t<\/div>\n\t\t\t\t<section class=\"elementor-section elementor-inner-section elementor-element elementor-element-79925a2 elementor-section-boxed elementor-section-height-default elementor-section-height-default\" data-id=\"79925a2\" data-element_type=\"section\">\n\t\t\t\t\t\t<div class=\"elementor-container elementor-column-gap-no\">\n\t\t\t\t\t<div class=\"elementor-column elementor-col-100 elementor-inner-column elementor-element elementor-element-73319c2\" data-id=\"73319c2\" data-element_type=\"column\">\n\t\t\t<div class=\"elementor-widget-wrap elementor-element-populated\">\n\t\t\t\t\t\t<div class=\"elementor-element elementor-element-e81b722 elementor-widget elementor-widget-text-editor\" data-id=\"e81b722\" data-element_type=\"widget\" data-widget_type=\"text-editor.default\">\n\t\t\t\t<div class=\"elementor-widget-container\">\n\t\t\t\t\t\t\t<p>Osteopathy is a manual approach aimed at restoring the functionality of the structures and systems of the human body to optimize its self-regulation capacity.<\/p>\t\t\t\t\t\t<\/div>\n\t\t\t\t<\/div>\n\t\t\t\t\t<\/div>\n\t\t<\/div>\n\t\t\t\t\t<\/div>\n\t\t<\/section>\n\t\t\t\t\t<\/div>\n\t\t<\/div>\n\t\t\t\t\t<\/div>\n\t\t<\/section>\n\t\t\t\t<section class=\"elementor-section elementor-top-section elementor-element elementor-element-e02d71e elementor-section-boxed elementor-section-height-default elementor-section-height-default\" data-id=\"e02d71e\" data-element_type=\"section\" data-settings=\"{&quot;background_background&quot;:&quot;classic&quot;}\">\n\t\t\t\t\t\t<div class=\"elementor-container elementor-column-gap-default\">\n\t\t\t\t\t<div class=\"elementor-column elementor-col-100 elementor-top-column elementor-element elementor-element-777dfca elementor-invisible\" data-id=\"777dfca\" data-element_type=\"column\" data-settings=\"{&quot;animation&quot;:&quot;fadeIn&quot;,&quot;animation_delay&quot;:300}\">\n\t\t\t<div class=\"elementor-widget-wrap elementor-element-populated\">\n\t\t\t\t\t\t<div class=\"elementor-element elementor-element-302e387 elementor-widget__width-initial elementor-widget elementor-widget-text-editor\" data-id=\"302e387\" data-element_type=\"widget\" data-widget_type=\"text-editor.default\">\n\t\t\t\t<div class=\"elementor-widget-container\">\n\t\t\t\t\t\t\t<div class=\"col-sm-4 block\"><div class=\"col-sm-4 block\"><div class=\"chat__message__text\"><p>This practice is based on in-depth knowledge of health sciences and the interactions specific to the body&#8217;s balance.<\/p><p>Through fine and precise palpation, a comprehensive and holistic assessment allows for investigating the causes of neuro-musculoskeletal, visceral, and cranial dysfunctions. Each osteopathic treatment is specific and individualized.<\/p><\/div><p><span>Source\u00a0: <a href=\"https:\/\/www.osteopathiequebec.ca\/\" target=\"_blank\" rel=\"noopener\">https:\/\/www.osteopathiequebec.ca\/<\/a><\/span><\/p><\/div><\/div>\t\t\t\t\t\t<\/div>\n\t\t\t\t<\/div>\n\t\t\t\t\t<\/div>\n\t\t<\/div>\n\t\t\t\t\t<\/div>\n\t\t<\/section>\n\t\t\t\t<section class=\"elementor-section elementor-top-section elementor-element elementor-element-19104dc elementor-section-boxed elementor-section-height-default elementor-section-height-default\" data-id=\"19104dc\" data-element_type=\"section\" data-settings=\"{&quot;background_background&quot;:&quot;classic&quot;}\">\n\t\t\t\t\t\t<div class=\"elementor-container elementor-column-gap-default\">\n\t\t\t\t\t<div class=\"elementor-column elementor-col-100 elementor-top-column elementor-element elementor-element-b119d04 elementor-invisible\" data-id=\"b119d04\" data-element_type=\"column\" data-settings=\"{&quot;animation&quot;:&quot;fadeIn&quot;,&quot;animation_delay&quot;:300}\">\n\t\t\t<div class=\"elementor-widget-wrap elementor-element-populated\">\n\t\t\t\t\t\t<div class=\"elementor-element elementor-element-374c4f9 elementor-widget__width-inherit elementor-widget-tablet__width-initial acenter divider_yes elementor-widget elementor-widget-wgl-double-heading\" data-id=\"374c4f9\" data-element_type=\"widget\" data-widget_type=\"wgl-double-heading.default\">\n\t\t\t\t<div class=\"elementor-widget-container\">\n\t\t\t<div class=\"wgl-double-heading\"><h3 class=\"dblh__title-wrapper\"><span class=\"dblh__title dblh__title-1\">Osteopathy is a manual therapeutic approach aimed at preventing and treating various conditions by focusing on the relationships between the body's structures and their functions.<\/span><\/h3><span class=\"dblh__divider\"><\/span><\/div>\t\t<\/div>\n\t\t\t\t<\/div>\n\t\t<div class=\"elementor-element elementor-element-0dacd52 e-grid e-con-boxed e-con e-parent\" data-id=\"0dacd52\" data-element_type=\"container\">\n\t\t\t\t\t<div class=\"e-con-inner\">\n\t\t<div class=\"elementor-element elementor-element-ced611e e-con-full e-flex elementor-invisible e-con e-child\" data-id=\"ced611e\" data-element_type=\"container\" data-settings=\"{&quot;background_background&quot;:&quot;classic&quot;,&quot;animation&quot;:&quot;fadeIn&quot;}\">\n\t\t\t\t<div class=\"elementor-element elementor-element-904c7e0 elementor-view-default elementor-position-top elementor-mobile-position-top elementor-widget elementor-widget-icon-box\" data-id=\"904c7e0\" data-element_type=\"widget\" data-widget_type=\"icon-box.default\">\n\t\t\t\t<div class=\"elementor-widget-container\">\n\t\t\t\t\t<div class=\"elementor-icon-box-wrapper\">\n\n\t\t\t\t\t\t<div class=\"elementor-icon-box-icon\">\n\t\t\t\t<span  class=\"elementor-icon elementor-animation-\">\n\t\t\t\t<i aria-hidden=\"true\" class=\"flaticon flaticon-success\"><\/i>\t\t\t\t<\/span>\n\t\t\t<\/div>\n\t\t\t\n\t\t\t\t\t\t<div class=\"elementor-icon-box-content\">\n\n\t\t\t\t\t\t\t\t\t<h5 class=\"elementor-icon-box-title\">\n\t\t\t\t\t\t<span  >\n\t\t\t\t\t\t\tMuscle and joint pain\t\t\t\t\t\t<\/span>\n\t\t\t\t\t<\/h5>\n\t\t\t\t\n\t\t\t\t\t\t\t\t\t<p class=\"elementor-icon-box-description\">\n\t\t\t\t\t\tOsteopathy can help relieve lower back, neck, joint, and muscle pain by addressing tensions and bodily imbalances.\t\t\t\t\t<\/p>\n\t\t\t\t\n\t\t\t<\/div>\n\t\t\t\n\t\t<\/div>\n\t\t\t\t<\/div>\n\t\t\t\t<\/div>\n\t\t\t\t<\/div>\n\t\t<div class=\"elementor-element elementor-element-6d43d08 e-con-full e-flex elementor-invisible e-con e-child\" data-id=\"6d43d08\" data-element_type=\"container\" data-settings=\"{&quot;background_background&quot;:&quot;classic&quot;,&quot;animation&quot;:&quot;fadeIn&quot;}\">\n\t\t\t\t<div class=\"elementor-element elementor-element-6b99e4a elementor-view-default elementor-position-top elementor-mobile-position-top elementor-widget elementor-widget-icon-box\" data-id=\"6b99e4a\" data-element_type=\"widget\" data-widget_type=\"icon-box.default\">\n\t\t\t\t<div class=\"elementor-widget-container\">\n\t\t\t\t\t<div class=\"elementor-icon-box-wrapper\">\n\n\t\t\t\t\t\t<div class=\"elementor-icon-box-icon\">\n\t\t\t\t<span  class=\"elementor-icon elementor-animation-\">\n\t\t\t\t<i aria-hidden=\"true\" class=\"flaticon flaticon-success\"><\/i>\t\t\t\t<\/span>\n\t\t\t<\/div>\n\t\t\t\n\t\t\t\t\t\t<div class=\"elementor-icon-box-content\">\n\n\t\t\t\t\t\t\t\t\t<h5 class=\"elementor-icon-box-title\">\n\t\t\t\t\t\t<span  >\n\t\t\t\t\t\t\tPosture problems\t\t\t\t\t\t<\/span>\n\t\t\t\t\t<\/h5>\n\t\t\t\t\n\t\t\t\t\t\t\t\t\t<p class=\"elementor-icon-box-description\">\n\t\t\t\t\t\tAn osteopath can assess posture and help correct imbalances that can lead to pain or chronic ailments.\t\t\t\t\t<\/p>\n\t\t\t\t\n\t\t\t<\/div>\n\t\t\t\n\t\t<\/div>\n\t\t\t\t<\/div>\n\t\t\t\t<\/div>\n\t\t\t\t<\/div>\n\t\t<div class=\"elementor-element elementor-element-59d7cd9 e-con-full e-flex elementor-invisible e-con e-child\" data-id=\"59d7cd9\" data-element_type=\"container\" data-settings=\"{&quot;background_background&quot;:&quot;classic&quot;,&quot;animation&quot;:&quot;fadeIn&quot;}\">\n\t\t\t\t<div class=\"elementor-element elementor-element-3706006 elementor-view-default elementor-position-top elementor-mobile-position-top elementor-widget elementor-widget-icon-box\" data-id=\"3706006\" data-element_type=\"widget\" data-widget_type=\"icon-box.default\">\n\t\t\t\t<div class=\"elementor-widget-container\">\n\t\t\t\t\t<div class=\"elementor-icon-box-wrapper\">\n\n\t\t\t\t\t\t<div class=\"elementor-icon-box-icon\">\n\t\t\t\t<span  class=\"elementor-icon elementor-animation-\">\n\t\t\t\t<i aria-hidden=\"true\" class=\"flaticon flaticon-success\"><\/i>\t\t\t\t<\/span>\n\t\t\t<\/div>\n\t\t\t\n\t\t\t\t\t\t<div class=\"elementor-icon-box-content\">\n\n\t\t\t\t\t\t\t\t\t<h5 class=\"elementor-icon-box-title\">\n\t\t\t\t\t\t<span  >\n\t\t\t\t\t\t\tHeadaches and migraines\t\t\t\t\t\t<\/span>\n\t\t\t\t\t<\/h5>\n\t\t\t\t\n\t\t\t\t\t\t\t\t\t<p class=\"elementor-icon-box-description\">\n\t\t\t\t\t\tSome people find relief from their headaches through osteopathic techniques aimed at releasing tension in the neck and head.\t\t\t\t\t<\/p>\n\t\t\t\t\n\t\t\t<\/div>\n\t\t\t\n\t\t<\/div>\n\t\t\t\t<\/div>\n\t\t\t\t<\/div>\n\t\t\t\t<\/div>\n\t\t<div class=\"elementor-element elementor-element-d8466ed e-con-full e-flex elementor-invisible e-con e-child\" data-id=\"d8466ed\" data-element_type=\"container\" data-settings=\"{&quot;background_background&quot;:&quot;classic&quot;,&quot;animation&quot;:&quot;fadeIn&quot;}\">\n\t\t\t\t<div class=\"elementor-element elementor-element-b38dcd7 elementor-view-default elementor-position-top elementor-mobile-position-top elementor-widget elementor-widget-icon-box\" data-id=\"b38dcd7\" data-element_type=\"widget\" data-widget_type=\"icon-box.default\">\n\t\t\t\t<div class=\"elementor-widget-container\">\n\t\t\t\t\t<div class=\"elementor-icon-box-wrapper\">\n\n\t\t\t\t\t\t<div class=\"elementor-icon-box-icon\">\n\t\t\t\t<span  class=\"elementor-icon elementor-animation-\">\n\t\t\t\t<i aria-hidden=\"true\" class=\"flaticon flaticon-success\"><\/i>\t\t\t\t<\/span>\n\t\t\t<\/div>\n\t\t\t\n\t\t\t\t\t\t<div class=\"elementor-icon-box-content\">\n\n\t\t\t\t\t\t\t\t\t<h5 class=\"elementor-icon-box-title\">\n\t\t\t\t\t\t<span  >\n\t\t\t\t\t\t\tStress and tensions\t\t\t\t\t\t<\/span>\n\t\t\t\t\t<\/h5>\n\t\t\t\t\n\t\t\t\t\t\t\t\t\t<p class=\"elementor-icon-box-description\">\n\t\t\t\t\t\tThe muscle relaxation techniques practiced in osteopathy can help reduce stress and tension accumulated in the body.\t\t\t\t\t<\/p>\n\t\t\t\t\n\t\t\t<\/div>\n\t\t\t\n\t\t<\/div>\n\t\t\t\t<\/div>\n\t\t\t\t<\/div>\n\t\t\t\t<\/div>\n\t\t<div class=\"elementor-element elementor-element-b9813db e-con-full e-flex elementor-invisible e-con e-child\" data-id=\"b9813db\" data-element_type=\"container\" data-settings=\"{&quot;background_background&quot;:&quot;classic&quot;,&quot;animation&quot;:&quot;fadeIn&quot;}\">\n\t\t\t\t<div class=\"elementor-element elementor-element-cd2cc9a elementor-view-default elementor-position-top elementor-mobile-position-top elementor-widget elementor-widget-icon-box\" data-id=\"cd2cc9a\" data-element_type=\"widget\" data-widget_type=\"icon-box.default\">\n\t\t\t\t<div class=\"elementor-widget-container\">\n\t\t\t\t\t<div class=\"elementor-icon-box-wrapper\">\n\n\t\t\t\t\t\t<div class=\"elementor-icon-box-icon\">\n\t\t\t\t<span  class=\"elementor-icon elementor-animation-\">\n\t\t\t\t<i aria-hidden=\"true\" class=\"flaticon flaticon-success\"><\/i>\t\t\t\t<\/span>\n\t\t\t<\/div>\n\t\t\t\n\t\t\t\t\t\t<div class=\"elementor-icon-box-content\">\n\n\t\t\t\t\t\t\t\t\t<h5 class=\"elementor-icon-box-title\">\n\t\t\t\t\t\t<span  >\n\t\t\t\t\t\t\tPost-injury rehabilitation\t\t\t\t\t\t<\/span>\n\t\t\t\t\t<\/h5>\n\t\t\t\t\n\t\t\t\t\t\t\t\t\t<p class=\"elementor-icon-box-description\">\n\t\t\t\t\t\tAfter an injury or surgery, osteopathy can facilitate recovery by improving circulation and promoting mobility.\t\t\t\t\t<\/p>\n\t\t\t\t\n\t\t\t<\/div>\n\t\t\t\n\t\t<\/div>\n\t\t\t\t<\/div>\n\t\t\t\t<\/div>\n\t\t\t\t<\/div>\n\t\t<div class=\"elementor-element elementor-element-0c92503 e-con-full e-flex elementor-invisible e-con e-child\" data-id=\"0c92503\" data-element_type=\"container\" data-settings=\"{&quot;background_background&quot;:&quot;classic&quot;,&quot;animation&quot;:&quot;fadeIn&quot;}\">\n\t\t\t\t<div class=\"elementor-element elementor-element-34323b4 elementor-view-default elementor-position-top elementor-mobile-position-top elementor-widget elementor-widget-icon-box\" data-id=\"34323b4\" data-element_type=\"widget\" data-widget_type=\"icon-box.default\">\n\t\t\t\t<div class=\"elementor-widget-container\">\n\t\t\t\t\t<div class=\"elementor-icon-box-wrapper\">\n\n\t\t\t\t\t\t<div class=\"elementor-icon-box-icon\">\n\t\t\t\t<span  class=\"elementor-icon elementor-animation-\">\n\t\t\t\t<i aria-hidden=\"true\" class=\"flaticon flaticon-success\"><\/i>\t\t\t\t<\/span>\n\t\t\t<\/div>\n\t\t\t\n\t\t\t\t\t\t<div class=\"elementor-icon-box-content\">\n\n\t\t\t\t\t\t\t\t\t<h5 class=\"elementor-icon-box-title\">\n\t\t\t\t\t\t<span  >\n\t\t\t\t\t\t\tMonitoring during pregnancy\t\t\t\t\t\t<\/span>\n\t\t\t\t\t<\/h5>\n\t\t\t\t\n\t\t\t\t\t\t\t\t\t<p class=\"elementor-icon-box-description\">\n\t\t\t\t\t\tPregnant women can benefit from osteopathy to relieve pain related to physical and hormonal changes.\t\t\t\t\t<\/p>\n\t\t\t\t\n\t\t\t<\/div>\n\t\t\t\n\t\t<\/div>\n\t\t\t\t<\/div>\n\t\t\t\t<\/div>\n\t\t\t\t<\/div>\n\t\t\t\t\t<\/div>\n\t\t\t\t<\/div>\n\t\t\t\t\t<\/div>\n\t\t<\/div>\n\t\t\t\t\t<\/div>\n\t\t<\/section>\n\t\t\t\t<section class=\"elementor-section elementor-top-section elementor-element elementor-element-a88e9be elementor-section-boxed elementor-section-height-default elementor-section-height-default\" data-id=\"a88e9be\" data-element_type=\"section\" data-settings=\"{&quot;background_background&quot;:&quot;classic&quot;}\">\n\t\t\t\t\t\t<div class=\"elementor-container elementor-column-gap-default\">\n\t\t\t\t\t<div class=\"elementor-column elementor-col-100 elementor-top-column elementor-element elementor-element-832e3c9 elementor-invisible\" data-id=\"832e3c9\" data-element_type=\"column\" data-settings=\"{&quot;animation&quot;:&quot;fadeIn&quot;,&quot;animation_delay&quot;:300}\">\n\t\t\t<div class=\"elementor-widget-wrap elementor-element-populated\">\n\t\t\t\t\t\t<div class=\"elementor-element elementor-element-d82fd2f elementor-widget elementor-widget-wgl-portfolio\" data-id=\"d82fd2f\" data-element_type=\"widget\" data-widget_type=\"wgl-portfolio.default\">\n\t\t\t\t<div class=\"elementor-widget-container\">\n\t\t\t<section class=\"wgl_cpt_section\"><div class=\"wgl-portfolio\" id=\"portfolio_module_69e5f2aa4b60b\"><div class=\"wgl-portfolio_wrapper\"><div class=\"wgl-portfolio_container container-grid row appear-animation anim-slide-top carousel col-4\"  style=\"margin-right: -5px;margin-left: -5px;margin-bottom: -10px;\"><div class=\"wgl-carousel_wrapper\"><div class=\"wgl-carousel swiper wgl-carousel_swiper swiper-container pagination_circle \" data-swiper='{\"watchOverflow\":true,\"infinite\":true,\"variableWidth\":false,\"autoplay\":true,\"autoplaySpeed\":3000,\"speed\":3000,\"arrows\":false,\"dots\":true,\"adaptiveHeight\":false,\"responsive\":[{\"breakpoint\":1600,\"slidesToShow\":\"4\",\"slidesToScroll\":1},{\"breakpoint\":1201,\"slidesToShow\":\"4\",\"slidesToScroll\":1},{\"breakpoint\":768,\"slidesToShow\":\"3\",\"slidesToScroll\":1},{\"breakpoint\":280,\"slidesToShow\":\"1\",\"slidesToScroll\":1}]}' data-item-carousel='wgl_carousel_69e5f2aa4fa9a'><div class=\"swiper-wrapper\"><article class=\"portfolio__item item services-en swiper-slide\"  style=\"padding: 0 5px 10px;\"><div class=\"item__wrapper description_inside_image animation_until_hover\"><div class=\"item__image\"><img decoding=\"async\" src=\"https:\/\/axeosteo.com\/wp-content\/uploads\/2021\/07\/axeosteo_adulte-960x960.jpg\" alt=\"\"><\/div><div class=\"item__description\"><a href=\"https:\/\/axeosteo.com\/en\/services\/adultes\/\" class=\"custom_link portfolio_link\"><\/a><div class=\"description__wrapper\"><\/div><\/div><div class=\"overlay\"><\/div><\/div><\/article><article class=\"portfolio__item item services-en swiper-slide\"  style=\"padding: 0 5px 10px;\"><div class=\"item__wrapper description_inside_image animation_until_hover\"><div class=\"item__image\"><img decoding=\"async\" src=\"https:\/\/axeosteo.com\/wp-content\/uploads\/2024\/07\/axeosteo_bebe-960x960.jpg\" alt=\"\"><\/div><div class=\"item__description\"><a href=\"https:\/\/axeosteo.com\/en\/services\/bebes\/\" class=\"custom_link portfolio_link\"><\/a><div class=\"description__wrapper\"><\/div><\/div><div class=\"overlay\"><\/div><\/div><\/article><article class=\"portfolio__item item services-en swiper-slide\"  style=\"padding: 0 5px 10px;\"><div class=\"item__wrapper description_inside_image animation_until_hover\"><div class=\"item__image\"><img decoding=\"async\" src=\"https:\/\/axeosteo.com\/wp-content\/uploads\/2024\/07\/axeosteo_mamans-960x960.jpg\" alt=\"\"><\/div><div class=\"item__description\"><a href=\"https:\/\/axeosteo.com\/en\/services\/mamans\/\" class=\"custom_link portfolio_link\"><\/a><div class=\"description__wrapper\"><\/div><\/div><div class=\"overlay\"><\/div><\/div><\/article><article class=\"portfolio__item item services-en swiper-slide\"  style=\"padding: 0 5px 10px;\"><div class=\"item__wrapper description_inside_image animation_until_hover\"><div class=\"item__image\"><img decoding=\"async\" src=\"https:\/\/axeosteo.com\/wp-content\/uploads\/2024\/07\/axeosteo_sportjogging-960x960.jpg\" alt=\"\"><\/div><div class=\"item__description\"><a href=\"https:\/\/axeosteo.com\/en\/services\/sportifs\/\" class=\"custom_link portfolio_link\"><\/a><div class=\"description__wrapper\"><\/div><\/div><div class=\"overlay\"><\/div><\/div><\/article><article class=\"portfolio__item item services-en swiper-slide\"  style=\"padding: 0 5px 10px;\"><div class=\"item__wrapper description_inside_image animation_until_hover\"><div class=\"item__image\"><img decoding=\"async\" src=\"https:\/\/axeosteo.com\/wp-content\/uploads\/2024\/07\/axeosteo-seniors-960x960.jpg\" alt=\"\"><\/div><div class=\"item__description\"><a href=\"https:\/\/axeosteo.com\/en\/services\/seniors\/\" class=\"custom_link portfolio_link\"><\/a><div class=\"description__wrapper\"><\/div><\/div><div class=\"overlay\"><\/div><\/div><\/article><\/div><ul class=\"swiper-pagination\" role=\"tablist\" data-carousel=\"wgl_carousel_69e5f2aa4fa9a\"><\/ul><\/div><\/div><\/div><\/div><\/div><\/section>\t\t<\/div>\n\t\t\t\t<\/div>\n\t\t\t\t\t<\/div>\n\t\t<\/div>\n\t\t\t\t\t<\/div>\n\t\t<\/section>\n\t\t\t\t<\/div>\n\t\t","protected":false},"excerpt":{"rendered":"<p>OSTEOPATHY Osteopathy is a manual approach aimed at restoring the functionality of the structures and systems of the human body to optimize its self-regulation capacity. This practice is based on in-depth knowledge of health sciences and the interactions specific to the body&#8217;s balance. Through fine and precise palpation, a comprehensive and holistic assessment allows for [&hellip;]<\/p>\n","protected":false},"author":1,"featured_media":0,"parent":0,"menu_order":0,"comment_status":"closed","ping_status":"closed","template":"","meta":{"slim_seo":{"title":"Seniors - Ax\u00e9 Ost\u00e9o | Clinique Ost\u00e9opathie Rosem\u00e8re","description":"SENIOR As we progress in wisdom, physical challenges change. Limitations and discomforts are increasingly related to chronic issues. The management differs slig"},"footnotes":""},"class_list":["post-6404","page","type-page","status-publish","hentry"],"_links":{"self":[{"href":"https:\/\/axeosteo.com\/en\/wp-json\/wp\/v2\/pages\/6404","targetHints":{"allow":["GET"]}}],"collection":[{"href":"https:\/\/axeosteo.com\/en\/wp-json\/wp\/v2\/pages"}],"about":[{"href":"https:\/\/axeosteo.com\/en\/wp-json\/wp\/v2\/types\/page"}],"author":[{"embeddable":true,"href":"https:\/\/axeosteo.com\/en\/wp-json\/wp\/v2\/users\/1"}],"replies":[{"embeddable":true,"href":"https:\/\/axeosteo.com\/en\/wp-json\/wp\/v2\/comments?post=6404"}],"version-history":[{"count":1,"href":"https:\/\/axeosteo.com\/en\/wp-json\/wp\/v2\/pages\/6404\/revisions"}],"predecessor-version":[{"id":7275,"href":"https:\/\/axeosteo.com\/en\/wp-json\/wp\/v2\/pages\/6404\/revisions\/7275"}],"wp:attachment":[{"href":"https:\/\/axeosteo.com\/en\/wp-json\/wp\/v2\/media?parent=6404"}],"curies":[{"name":"wp","href":"https:\/\/api.w.org\/{rel}","templated":true}]}}