{"id":6386,"date":"2024-10-08T12:33:33","date_gmt":"2024-10-08T16:33:33","guid":{"rendered":"https:\/\/insitucreative.com\/axeosteo\/zone-client\/"},"modified":"2025-04-04T09:54:38","modified_gmt":"2025-04-04T13:54:38","slug":"zone-client","status":"publish","type":"page","link":"https:\/\/axeosteo.com\/en\/zone-client\/","title":{"rendered":"Customer zone"},"content":{"rendered":"\t\t<div data-elementor-type=\"wp-page\" data-elementor-id=\"6386\" class=\"elementor elementor-6386 elementor-6049\">\n\t\t\t\t\t\t<section class=\"elementor-section elementor-top-section elementor-element elementor-element-780a2fc elementor-section-content-middle elementor-section-boxed elementor-section-height-default elementor-section-height-default\" data-id=\"780a2fc\" data-element_type=\"section\">\n\t\t\t\t\t\t<div class=\"elementor-container elementor-column-gap-default\">\n\t\t\t\t\t<div class=\"elementor-column elementor-col-100 elementor-top-column elementor-element elementor-element-6374241\" data-id=\"6374241\" data-element_type=\"column\">\n\t\t\t<div class=\"elementor-widget-wrap elementor-element-populated\">\n\t\t\t\t\t\t<div class=\"elementor-element elementor-element-d2cfe7f elementor-widget elementor-widget-text-editor\" data-id=\"d2cfe7f\" data-element_type=\"widget\" data-widget_type=\"text-editor.default\">\n\t\t\t\t<div class=\"elementor-widget-container\">\n\t\t\t\t\t\t\t<p style=\"text-align: center;\">Coming soon !<\/p>\t\t\t\t\t\t<\/div>\n\t\t\t\t<\/div>\n\t\t\t\t\t<\/div>\n\t\t<\/div>\n\t\t\t\t\t<\/div>\n\t\t<\/section>\n\t\t\t\t<\/div>\n\t\t","protected":false},"excerpt":{"rendered":"<p>Coming soon !<\/p>\n","protected":false},"author":1,"featured_media":0,"parent":0,"menu_order":0,"comment_status":"closed","ping_status":"closed","template":"","meta":{"slim_seo":{"noindex":"1","title":"Customer zone - Ax\u00e9 Ost\u00e9o | Clinique Ost\u00e9opathie Rosem\u00e8re","description":"Coming soon !"},"footnotes":""},"class_list":["post-6386","page","type-page","status-publish","hentry"],"_links":{"self":[{"href":"https:\/\/axeosteo.com\/en\/wp-json\/wp\/v2\/pages\/6386","targetHints":{"allow":["GET"]}}],"collection":[{"href":"https:\/\/axeosteo.com\/en\/wp-json\/wp\/v2\/pages"}],"about":[{"href":"https:\/\/axeosteo.com\/en\/wp-json\/wp\/v2\/types\/page"}],"author":[{"embeddable":true,"href":"https:\/\/axeosteo.com\/en\/wp-json\/wp\/v2\/users\/1"}],"replies":[{"embeddable":true,"href":"https:\/\/axeosteo.com\/en\/wp-json\/wp\/v2\/comments?post=6386"}],"version-history":[{"count":4,"href":"https:\/\/axeosteo.com\/en\/wp-json\/wp\/v2\/pages\/6386\/revisions"}],"predecessor-version":[{"id":7364,"href":"https:\/\/axeosteo.com\/en\/wp-json\/wp\/v2\/pages\/6386\/revisions\/7364"}],"wp:attachment":[{"href":"https:\/\/axeosteo.com\/en\/wp-json\/wp\/v2\/media?parent=6386"}],"curies":[{"name":"wp","href":"https:\/\/api.w.org\/{rel}","templated":true}]}}