{"id":6377,"date":"2024-10-08T12:24:06","date_gmt":"2024-10-08T16:24:06","guid":{"rendered":"https:\/\/insitucreative.com\/axeosteo\/infolettres\/"},"modified":"2025-04-08T11:20:12","modified_gmt":"2025-04-08T15:20:12","slug":"infolettres","status":"publish","type":"page","link":"https:\/\/axeosteo.com\/en\/infolettres\/","title":{"rendered":"Newsletters"},"content":{"rendered":"\t\t<div data-elementor-type=\"wp-page\" data-elementor-id=\"6377\" class=\"elementor elementor-6377 elementor-6037\">\n\t\t\t\t\t\t<section class=\"elementor-section elementor-top-section elementor-element elementor-element-e02d71e elementor-section-boxed elementor-section-height-default elementor-section-height-default\" data-id=\"e02d71e\" data-element_type=\"section\" data-settings=\"{&quot;background_background&quot;:&quot;classic&quot;}\">\n\t\t\t\t\t\t<div class=\"elementor-container elementor-column-gap-default\">\n\t\t\t\t\t<div class=\"elementor-column elementor-col-50 elementor-top-column elementor-element elementor-element-21ffba4 elementor-invisible\" data-id=\"21ffba4\" data-element_type=\"column\" data-settings=\"{&quot;animation&quot;:&quot;fadeIn&quot;,&quot;animation_delay&quot;:300}\">\n\t\t\t<div class=\"elementor-widget-wrap elementor-element-populated\">\n\t\t\t\t\t\t<div class=\"elementor-element elementor-element-b8849b2 elementor-widget__width-initial aleft elementor-widget elementor-widget-wgl-double-heading\" data-id=\"b8849b2\" data-element_type=\"widget\" data-widget_type=\"wgl-double-heading.default\">\n\t\t\t\t<div class=\"elementor-widget-container\">\n\t\t\t<div class=\"wgl-double-heading\"><h3 class=\"dblh__title-wrapper\"><span class=\"dblh__title dblh__title-1\">Are you subscribed?<\/span><\/h3><\/div>\t\t<\/div>\n\t\t\t\t<\/div>\n\t\t\t\t<div class=\"elementor-element elementor-element-c26d8a5 elementor-widget__width-initial elementor-widget elementor-widget-text-editor\" data-id=\"c26d8a5\" data-element_type=\"widget\" data-widget_type=\"text-editor.default\">\n\t\t\t\t<div class=\"elementor-widget-container\">\n\t\t\t\t\t\t\t<div><\/div>\n<div class=\"col-sm-4 block\" style=\"text-align: left;\">Tips, advice and news from Ax\u00e9 Ost\u00e9o!<\/div>\t\t\t\t\t\t<\/div>\n\t\t\t\t<\/div>\n\t\t\t\t\t<\/div>\n\t\t<\/div>\n\t\t\t\t<div class=\"elementor-column elementor-col-50 elementor-top-column elementor-element elementor-element-777dfca elementor-invisible\" data-id=\"777dfca\" data-element_type=\"column\" data-settings=\"{&quot;animation&quot;:&quot;fadeIn&quot;,&quot;animation_delay&quot;:300}\">\n\t\t\t<div class=\"elementor-widget-wrap elementor-element-populated\">\n\t\t\t\t\t\t<div class=\"elementor-element elementor-element-c06bd87 elementor-widget__width-initial elementor-widget elementor-widget-text-editor\" data-id=\"c06bd87\" data-element_type=\"widget\" data-widget_type=\"text-editor.default\">\n\t\t\t\t<div class=\"elementor-widget-container\">\n\t\t\t\t\t\t\t<div class=\"tnp tnp-subscription \">\n<form method=\"post\" action=\"https:\/\/axeosteo.com\/wp-admin\/admin-ajax.php?action=tnp&amp;na=s\">\n<input type=\"hidden\" name=\"nlang\" value=\"en\">\n<div class=\"tnp-field tnp-field-email\"><label for=\"tnp-1\">Email<\/label>\n<input class=\"tnp-email\" type=\"email\" name=\"ne\" id=\"tnp-1\" value=\"\" placeholder=\"\" required><\/div>\n<div class=\"tnp-field tnp-field-button\" style=\"text-align: left\"><input class=\"tnp-submit\" type=\"submit\" value=\"Subscribe\" style=\"\">\n<\/div>\n<\/form>\n<\/div>\n\t\t\t\t\t\t<\/div>\n\t\t\t\t<\/div>\n\t\t\t\t\t<\/div>\n\t\t<\/div>\n\t\t\t\t\t<\/div>\n\t\t<\/section>\n\t\t\t\t<section class=\"elementor-section elementor-top-section elementor-element elementor-element-03092b4 elementor-section-boxed elementor-section-height-default elementor-section-height-default\" data-id=\"03092b4\" data-element_type=\"section\">\n\t\t\t\t\t\t<div class=\"elementor-container elementor-column-gap-default\">\n\t\t\t\t\t<div class=\"elementor-column elementor-col-100 elementor-top-column elementor-element elementor-element-09d1569\" data-id=\"09d1569\" data-element_type=\"column\">\n\t\t\t<div class=\"elementor-widget-wrap elementor-element-populated\">\n\t\t\t\t\t\t<div class=\"elementor-element elementor-element-673b19d elementor-view-default elementor-widget elementor-widget-icon\" data-id=\"673b19d\" data-element_type=\"widget\" data-widget_type=\"icon.default\">\n\t\t\t\t<div class=\"elementor-widget-container\">\n\t\t\t\t\t<div class=\"elementor-icon-wrapper\">\n\t\t\t<div class=\"elementor-icon\">\n\t\t\t<svg aria-hidden=\"true\" class=\"e-font-icon-svg e-far-paper-plane\" viewBox=\"0 0 512 512\" xmlns=\"http:\/\/www.w3.org\/2000\/svg\"><path d=\"M440 6.5L24 246.4c-34.4 19.9-31.1 70.8 5.7 85.9L144 379.6V464c0 46.4 59.2 65.5 86.6 28.6l43.8-59.1 111.9 46.2c5.9 2.4 12.1 3.6 18.3 3.6 8.2 0 16.3-2.1 23.6-6.2 12.8-7.2 21.6-20 23.9-34.5l59.4-387.2c6.1-40.1-36.9-68.8-71.5-48.9zM192 464v-64.6l36.6 15.1L192 464zm212.6-28.7l-153.8-63.5L391 169.5c10.7-15.5-9.5-33.5-23.7-21.2L155.8 332.6 48 288 464 48l-59.4 387.3z\"><\/path><\/svg>\t\t\t<\/div>\n\t\t<\/div>\n\t\t\t\t<\/div>\n\t\t\t\t<\/div>\n\t\t\t\t<div class=\"elementor-element elementor-element-924c051 acenter elementor-widget elementor-widget-wgl-double-heading\" data-id=\"924c051\" data-element_type=\"widget\" data-widget_type=\"wgl-double-heading.default\">\n\t\t\t\t<div class=\"elementor-widget-container\">\n\t\t\t<div class=\"wgl-double-heading\"><h3 class=\"dblh__title-wrapper\"><span class=\"dblh__title dblh__title-1\">CONSULT OUR ARCHIVES<\/span><\/h3><\/div>\t\t<\/div>\n\t\t\t\t<\/div>\n\t\t\t\t<div class=\"elementor-element elementor-element-44f2ff1 elementor-widget elementor-widget-text-editor\" data-id=\"44f2ff1\" data-element_type=\"widget\" data-widget_type=\"text-editor.default\">\n\t\t\t\t<div class=\"elementor-widget-container\">\n\t\t\t\t\t\t\t<p style=\"text-align: center;\"><em>French only<\/em><\/p>\t\t\t\t\t\t<\/div>\n\t\t\t\t<\/div>\n\t\t\t\t\t<\/div>\n\t\t<\/div>\n\t\t\t\t\t<\/div>\n\t\t<\/section>\n\t\t<div class=\"elementor-element elementor-element-6f5255bf e-flex e-con-boxed e-con e-parent\" data-id=\"6f5255bf\" data-element_type=\"container\">\n\t\t\t\t\t<div class=\"e-con-inner\">\n\t\t\t\t<div class=\"elementor-element elementor-element-bdb25bb elementor-view-default elementor-widget elementor-widget-wgl-toggle-accordion\" data-id=\"bdb25bb\" data-element_type=\"widget\" data-widget_type=\"wgl-toggle-accordion.default\">\n\t\t\t\t<div class=\"elementor-widget-container\">\n\t\t\t<div class=\"wgl-accordion icon-plus\" id=\"wgl-accordion-bdb25bb\" data-type=\"toggle\"><div class=\"wgl-accordion_panel\"><h4 id=\"wgl-accordion_header-1981\" class=\"wgl-accordion_header\" data-default=\"\"><span class=\"wgl-accordion_title\">Enfants<\/span><i class=\"wgl-accordion_icon elementor-icon \"><\/i><\/h4><div class=\"wgl-accordion_content\"><ul><li><a href=\"https:\/\/axeosteo.com\/infolettres\/La naissance de b\u00e9b\u00e9 et l\u2019allaitement.htm\" target=\"_blank\" rel=\"noopener\"><span style=\"text-decoration: underline;\">La naissance de b\u00e9b\u00e9 et l\u2019allaitement<\/span><\/a><\/li><li><a href=\"https:\/\/axeosteo.com\/infolettres\/Reflux chez le b\u00e9b\u00e9.htm\" target=\"_blank\" rel=\"noopener\"><span style=\"text-decoration: underline;\">Reflux chez le b\u00e9b\u00e9<\/span><\/a><\/li><li><a href=\"https:\/\/axeosteo.com\/infolettres\/Enfants sportifs.htm\" target=\"_blank\" rel=\"noopener\"><span style=\"text-decoration: underline;\">Enfants sportifs<\/span><\/a><\/li><li><a href=\"https:\/\/axeosteo.com\/infolettres\/Les bienfaits de l'ost\u00e9opathie pour les enfants de 4 \u00e0 12 ans.htm\" target=\"_blank\" rel=\"noopener\"><span style=\"text-decoration: underline;\">Les bienfaits de l'ost\u00e9opathie pour les enfants de 4 \u00e0 12 ans<\/span><\/a><\/li><li><span style=\"text-decoration: underline;\"><a href=\"https:\/\/axeosteo.com\/infolettres\/La rentr\u00e9e scolaire et le retour du sac \u00e0 dos !.htm\" target=\"_blank\" rel=\"noopener\">La rentr\u00e9e scolaire et le retour du sac \u00e0 dos !<\/a><\/span><\/li><li><span style=\"text-decoration: underline;\"><a href=\"https:\/\/axeosteo.com\/infolettres\/Le d\u00e9veloppement harmonieux de b\u00e9b\u00e9 _ Comment l'ost\u00e9opathie peut soutenir chaque \u00e9tape.htm\" target=\"_blank\" rel=\"noopener\">Le d\u00e9veloppement harmonieux de b\u00e9b\u00e9. Comment l'ost\u00e9opathie peut soutenir chaque \u00e9tape.<\/a><\/span><\/li><li><span style=\"text-decoration: underline;\"><a href=\"https:\/\/axeosteo.com\/infolettres\/Vousavezunenfantmusicien.htm\" target=\"_blank\" rel=\"noopener\">Vous avez un enfant musicien?<\/a><\/span><\/li><\/ul><\/div><\/div><div class=\"wgl-accordion_panel\"><h4 id=\"wgl-accordion_header-1982\" class=\"wgl-accordion_header\" data-default=\"\"><span class=\"wgl-accordion_title\">Femmes<\/span><i class=\"wgl-accordion_icon elementor-icon \"><\/i><\/h4><div class=\"wgl-accordion_content\"><ul><li><span style=\"text-decoration: underline;\"><a href=\"https:\/\/axeosteo.com\/infolettres\/La m\u00e9nopause _ Comment l'ost\u00e9opathie peut vous aider \u00e0 traverser cette \u00e9tape de vie en douceur.htm\" target=\"_blank\" rel=\"noopener\">La m\u00e9nopause - Comment l'ost\u00e9opathie peut vous aider \u00e0 traverser cette \u00e9tape de vie en douceur<\/a><\/span><\/li><li><span style=\"text-decoration: underline;\"><a href=\"https:\/\/axeosteo.com\/infolettres\/Et si une des solutions pour la sant\u00e9 hormonale, digestive et la sant\u00e9 de la femme \u00e9tait la naturopathie_.htm\" target=\"_blank\" rel=\"noopener\">Et si une des solutions pour la sant\u00e9 hormonale, digestive et la sant\u00e9 de la femme \u00e9tait la naturopathie<\/a><\/span><\/li><li><span style=\"text-decoration: underline;\"><a href=\"https:\/\/axeosteo.com\/infolettres\/Femmes enceintes _ les bienfaits de soins combin\u00e9s.htm\" target=\"_blank\" rel=\"noopener\">Femmes enceintes, les bienfaits de soins combin\u00e9s<\/a><\/span><\/li><\/ul><\/div><\/div><div class=\"wgl-accordion_panel\"><h4 id=\"wgl-accordion_header-1983\" class=\"wgl-accordion_header\" data-default=\"yes\"><span class=\"wgl-accordion_title\">G\u00e9n\u00e9ral<\/span><i class=\"wgl-accordion_icon elementor-icon \"><\/i><\/h4><div class=\"wgl-accordion_content\"><ul><li><span id=\"line4\"><span><\/span><span style=\"text-decoration: underline;\"><a href=\"https:\/\/axeosteo.com\/?na=view&amp;id=8\">Connaissez-vous Annie?<\/a><\/span><span><\/span><\/span><\/li><li><a href=\"https:\/\/axeosteo.com\/infolettres\/Elle est de retour.htm\" target=\"_blank\" rel=\"noopener\"><span style=\"text-decoration: underline;\">Elle est de retour<\/span><\/a><\/li><li><a href=\"https:\/\/axeosteo.com\/infolettres\/Informations importantes.htm\" target=\"_blank\" rel=\"noopener\"><span style=\"text-decoration: underline;\">Informations importantes<\/span><\/a><\/li><li><a href=\"https:\/\/axeosteo.com\/infolettres\/\u00c7a y est, vous \u00eates en mouvement, ou presque!.htm\" target=\"_blank\" rel=\"noopener\"><span style=\"text-decoration: underline;\">\u00c7a y est, vous \u00eates en mouvement, ou presque!<\/span><\/a><\/li><li><a href=\"https:\/\/axeosteo.com\/infolettres\/D\u00e9couvrez notre nouveau site web \u2013 Encore plus pratique et personnalis\u00e9 pour vous !.htm\" target=\"_blank\" rel=\"noopener\"><span style=\"text-decoration: underline;\">D\u00e9couvrez notre nouveau site web \u2013 Encore plus pratique et personnalis\u00e9 pour vous !<\/span><\/a><\/li><li><a href=\"https:\/\/axeosteo.com\/infolettres\/Ax\u00e9 Ost\u00e9o est l\u00e0 pour vous accompagner avec vos r\u00e9solutions 2025!.htm\" target=\"_blank\" rel=\"noopener\"><span style=\"text-decoration: underline;\">Ax\u00e9 Ost\u00e9o est l\u00e0 pour vous accompagner avec vos r\u00e9solutions 2025!<\/span><\/a><\/li><li><a href=\"https:\/\/axeosteo.com\/infolettres\/Les troubles digestifs.htm\" target=\"_blank\" rel=\"noopener\"><span style=\"text-decoration: underline;\">Les troubles digestifs<\/span><\/a><\/li><li><a href=\"https:\/\/axeosteo.com\/infolettres\/Massoth\u00e9rapie, ost\u00e9opathie et physioth\u00e9rapie _ diff\u00e9rence et compl\u00e9mentarit\u00e9.htm\" target=\"_blank\" rel=\"noopener\"><span style=\"text-decoration: underline;\">Massoth\u00e9rapie, ost\u00e9opathie et physioth\u00e9rapie _ diff\u00e9rence et compl\u00e9mentarit\u00e9<\/span><\/a><\/li><li><a href=\"https:\/\/axeosteo.com\/infolettres\/Apr\u00e8s la rentr\u00e9e, un moment de d\u00e9tente bien m\u00e9rit\u00e9!.htm\" target=\"_blank\" rel=\"noopener\"><span style=\"text-decoration: underline;\">Apr\u00e8s la rentr\u00e9e, un moment de d\u00e9tente bien m\u00e9rit\u00e9!<\/span><\/a><\/li><li><span style=\"text-decoration: underline;\"><a href=\"https:\/\/axeosteo.com\/infolettres\/L'ost\u00e9opathie _ un alli\u00e9 pour votre performance et votre bien-\u00eatre.htm\" target=\"_blank\" rel=\"noopener\">L'ost\u00e9opathie, un alli\u00e9 pour votre performance et votre bien-\u00eatre<\/a><\/span><\/li><li><span style=\"text-decoration: underline;\"><a href=\"https:\/\/axeosteo.com\/infolettres\/Restez en forme \u00e0 tout \u00e2ge.htm\" target=\"_blank\" rel=\"noopener\">Restez en forme \u00e0 tout \u00e2ge<\/a><\/span><\/li><li><span style=\"text-decoration: underline;\"><a href=\"https:\/\/axeosteo.com\/infolettres\/Travail \u00e0 l'ordinateur, quelques trucs!.htm\" target=\"_blank\" rel=\"noopener\">Travail \u00e0 l'ordinateur, quelques trucs!<\/a><\/span><\/li><li><span style=\"text-decoration: underline;\"><a href=\"https:\/\/axeosteo.com\/infolettres\/Voici Philippe et des nouvelles de Mauranne!.htm\" target=\"_blank\" rel=\"noopener\">Voici Philippe et des nouvelles de Mauranne!<\/a><\/span><\/li><li><span style=\"text-decoration: underline;\"><a href=\"https:\/\/axeosteo.com\/infolettres\/La scoliose... vous connaissez_.htm\" target=\"_blank\" rel=\"noopener\">La scoliose... vous connaissez<\/a><\/span><\/li><\/ul><\/div><\/div><\/div>\t\t<\/div>\n\t\t\t\t<\/div>\n\t\t\t\t\t<\/div>\n\t\t\t\t<\/div>\n\t\t\t\t<\/div>\n\t\t","protected":false},"excerpt":{"rendered":"<p>Are you subscribed? Tips, advice and news from Ax\u00e9 Ost\u00e9o! CONSULT OUR ARCHIVES French only Enfants La naissance de b\u00e9b\u00e9 et l\u2019allaitement Reflux chez le b\u00e9b\u00e9 Enfants sportifs Les bienfaits de l&#8217;ost\u00e9opathie pour les enfants de 4 \u00e0 12 ans La rentr\u00e9e scolaire et le retour du sac \u00e0 dos ! Le d\u00e9veloppement harmonieux de [&hellip;]<\/p>\n","protected":false},"author":1,"featured_media":0,"parent":0,"menu_order":0,"comment_status":"closed","ping_status":"closed","template":"","meta":{"slim_seo":{"title":"Newsletters","description":"Tips, advice and news from Ax\u00e9 Ost\u00e9o!"},"footnotes":""},"class_list":["post-6377","page","type-page","status-publish","hentry"],"_links":{"self":[{"href":"https:\/\/axeosteo.com\/en\/wp-json\/wp\/v2\/pages\/6377","targetHints":{"allow":["GET"]}}],"collection":[{"href":"https:\/\/axeosteo.com\/en\/wp-json\/wp\/v2\/pages"}],"about":[{"href":"https:\/\/axeosteo.com\/en\/wp-json\/wp\/v2\/types\/page"}],"author":[{"embeddable":true,"href":"https:\/\/axeosteo.com\/en\/wp-json\/wp\/v2\/users\/1"}],"replies":[{"embeddable":true,"href":"https:\/\/axeosteo.com\/en\/wp-json\/wp\/v2\/comments?post=6377"}],"version-history":[{"count":29,"href":"https:\/\/axeosteo.com\/en\/wp-json\/wp\/v2\/pages\/6377\/revisions"}],"predecessor-version":[{"id":7425,"href":"https:\/\/axeosteo.com\/en\/wp-json\/wp\/v2\/pages\/6377\/revisions\/7425"}],"wp:attachment":[{"href":"https:\/\/axeosteo.com\/en\/wp-json\/wp\/v2\/media?parent=6377"}],"curies":[{"name":"wp","href":"https:\/\/api.w.org\/{rel}","templated":true}]}}