{"id":6365,"date":"2021-07-15T13:29:12","date_gmt":"2021-07-15T17:29:12","guid":{"rendered":"https:\/\/insitucreative.com\/axeosteo\/a-propos\/"},"modified":"2025-04-04T09:53:12","modified_gmt":"2025-04-04T13:53:12","slug":"a-propos","status":"publish","type":"page","link":"https:\/\/axeosteo.com\/en\/a-propos\/","title":{"rendered":"About us"},"content":{"rendered":"\t\t<div data-elementor-type=\"wp-page\" data-elementor-id=\"6365\" class=\"elementor elementor-6365 elementor-1494\">\n\t\t\t\t\t\t<section class=\"elementor-section elementor-top-section elementor-element elementor-element-e02d71e elementor-section-boxed elementor-section-height-default elementor-section-height-default\" data-id=\"e02d71e\" data-element_type=\"section\" data-settings=\"{&quot;background_background&quot;:&quot;classic&quot;}\">\n\t\t\t\t\t\t<div class=\"elementor-container elementor-column-gap-default\">\n\t\t\t\t\t<div class=\"elementor-column elementor-col-50 elementor-top-column elementor-element elementor-element-21ffba4 elementor-invisible\" data-id=\"21ffba4\" data-element_type=\"column\" data-settings=\"{&quot;animation&quot;:&quot;fadeIn&quot;,&quot;animation_delay&quot;:300}\">\n\t\t\t<div class=\"elementor-widget-wrap elementor-element-populated\">\n\t\t\t\t\t\t<div class=\"elementor-element elementor-element-b8849b2 elementor-widget__width-initial aleft elementor-widget elementor-widget-wgl-double-heading\" data-id=\"b8849b2\" data-element_type=\"widget\" data-widget_type=\"wgl-double-heading.default\">\n\t\t\t\t<div class=\"elementor-widget-container\">\n\t\t\t<div class=\"wgl-double-heading\"><h3 class=\"dblh__title-wrapper\"><span class=\"dblh__title dblh__title-1\">We have been here for you for thirty years and have been firmly established in the heart of Rosem\u00e8re since 1995.<\/span><\/h3><\/div>\t\t<\/div>\n\t\t\t\t<\/div>\n\t\t\t\t\t<\/div>\n\t\t<\/div>\n\t\t\t\t<div class=\"elementor-column elementor-col-50 elementor-top-column elementor-element elementor-element-777dfca elementor-invisible\" data-id=\"777dfca\" data-element_type=\"column\" data-settings=\"{&quot;animation&quot;:&quot;fadeIn&quot;,&quot;animation_delay&quot;:300}\">\n\t\t\t<div class=\"elementor-widget-wrap elementor-element-populated\">\n\t\t\t\t\t\t<div class=\"elementor-element elementor-element-302e387 elementor-widget__width-initial elementor-widget elementor-widget-text-editor\" data-id=\"302e387\" data-element_type=\"widget\" data-widget_type=\"text-editor.default\">\n\t\t\t\t<div class=\"elementor-widget-container\">\n\t\t\t\t\t\t\t<div class=\"col-sm-4 block\"><p style=\"text-align: left;\">It is the satisfaction of our clientele that fills our schedule, but we also enjoy the trust of the local medical community, which regularly refers to us for issues they encounter that are functional in nature and do not require direct or immediate medical intervention.<\/p><p style=\"text-align: left;\">Our clientele is diverse, and our team is well-equipped to address this diversity accurately. There is an osteopath for everyone: infants, children, adults, athletes of all kinds, and elderly individuals.<\/p><\/div>\t\t\t\t\t\t<\/div>\n\t\t\t\t<\/div>\n\t\t\t\t\t<\/div>\n\t\t<\/div>\n\t\t\t\t\t<\/div>\n\t\t<\/section>\n\t\t\t\t<section class=\"elementor-section elementor-top-section elementor-element elementor-element-515a65d6 elementor-section-boxed elementor-section-height-default elementor-section-height-default\" data-id=\"515a65d6\" data-element_type=\"section\">\n\t\t\t\t\t\t<div class=\"elementor-container elementor-column-gap-default\">\n\t\t\t\t\t<div class=\"elementor-column elementor-col-100 elementor-top-column elementor-element elementor-element-e74e85b\" data-id=\"e74e85b\" data-element_type=\"column\">\n\t\t\t<div class=\"elementor-widget-wrap elementor-element-populated\">\n\t\t\t\t\t\t<div class=\"elementor-element elementor-element-1c6dfdc2 acenter elementor-widget elementor-widget-wgl-double-heading\" data-id=\"1c6dfdc2\" data-element_type=\"widget\" data-widget_type=\"wgl-double-heading.default\">\n\t\t\t\t<div class=\"elementor-widget-container\">\n\t\t\t<div class=\"wgl-double-heading\"><h3 class=\"dblh__title-wrapper\"><span class=\"dblh__title dblh__title-1\">OUR HISTORY<\/span><\/h3><\/div>\t\t<\/div>\n\t\t\t\t<\/div>\n\t\t\t\t<div class=\"elementor-element elementor-element-7524add1 elementor-widget elementor-widget-wgl-time-line-vertical\" data-id=\"7524add1\" data-element_type=\"widget\" data-widget_type=\"wgl-time-line-vertical.default\">\n\t\t\t\t<div class=\"elementor-widget-container\">\n\t\t\t<div class=\"wgl-timeline-vertical appear_animation\">        <div class=\"tlv__items-start\"><\/div>\n        <div class=\"tlv__items-wrapper\">            <div class=\"tlv__item has_media\">\n                <div class=\"tlv__curve-wrapper\"><span><\/span><\/div>\n                <div class=\"tlv__volume-wrapper\">\n                                            <div class=\"tlv__media\"><img decoding=\"async\" class=\"tlv__thumbnail--idle\" src=\"https:\/\/axeosteo.com\/wp-content\/uploads\/2024\/10\/physioMI.jpg\" alt=\"physioMI\"\/>                        <\/div>                    <div class=\"tlv__content-wrapper\">\n\t                    <div class=\"tlv__content\">\n                                                            <div class=\"tlv__date-wrapper\">\n                                    <span class=\"tlv__date\">\n                                        1992                                    <\/span>\n                                <\/div>\n                                \t\t                        <h3 class=\"tlv__title\">THE BEGINNING OF AN ADVENTURE\t\t                        <\/h3>\t\t                        <div class=\"tlv__text\"><p>It is on this date that the Riopel-Bolduc physiotherapy clinic became Physioth\u00e9rapie des Mille-Iles, and to this day, it is our legal name! Back then and since 1981, your osteopaths have welcomed you on Route 117, first in Blainville (in the basement of the Blainville medical clinic), in Ste-Th\u00e9r\u00e8se (on the second floor of Friand'oeuf across from Mode Choc), and then in Rosem\u00e8re (on the second floor of what is now Jardin Thai restaurant). Did you know? There are still many of you whose files date back to this early period and are still active! Psst! If you want to learn a bit more about the organization, at your next appointment, check the first two digits of your file number. It's the year you visited us for the first time... or the second time after five years!<\/p>\t\t                        <\/div>\t                    <\/div>\n                    <\/div>\n                <\/div>\n\n            <\/div>            <div class=\"tlv__item has_media\">\n                <div class=\"tlv__curve-wrapper\"><span><\/span><\/div>\n                <div class=\"tlv__volume-wrapper\">\n                                            <div class=\"tlv__media\"><img decoding=\"async\" class=\"tlv__thumbnail--idle\" src=\"https:\/\/axeosteo.com\/wp-content\/uploads\/2024\/10\/CliniqueExterieur2.jpg\" alt=\"CliniqueExterieur2\"\/>                        <\/div>                    <div class=\"tlv__content-wrapper\">\n\t                    <div class=\"tlv__content\">\n                                                            <div class=\"tlv__date-wrapper\">\n                                    <span class=\"tlv__date\">\n                                        1995                                    <\/span>\n                                <\/div>\n                                \t\t                        <h3 class=\"tlv__title\">THE CLINIC IN ROSEM\u00c8RE\t\t                        <\/h3>\t\t                        <div class=\"tlv__text\"><p>The mid-1990s brings a breeze of renewal to the world... It's not just that the internet is making its way into homes, but also, and especially, that in 1995, the clinic settles at 321 Grande-C\u00f4te in Rosem\u00e8re; the address you know so well today. At that time, half of the building, 323, retains its residential purpose but is quickly requisitioned for the professional expansion needs of the neighborhood. Additionally, the floor only has two offices and a bathroom... and a small, poorly insulated attic that serves as a copy room!<\/p>\t\t                        <\/div>\t                    <\/div>\n                    <\/div>\n                <\/div>\n\n            <\/div>                <\/div><div class=\"tlv__items-wrapper\">            <div class=\"tlv__item has_media\">\n                <div class=\"tlv__curve-wrapper\"><span><\/span><\/div>\n                <div class=\"tlv__volume-wrapper\">\n                                            <div class=\"tlv__media\"><img decoding=\"async\" class=\"tlv__thumbnail--idle\" src=\"https:\/\/axeosteo.com\/wp-content\/uploads\/2024\/10\/agrandissement.jpg\" alt=\"agrandissement\"\/>                        <\/div>                    <div class=\"tlv__content-wrapper\">\n\t                    <div class=\"tlv__content\">\n                                                            <div class=\"tlv__date-wrapper\">\n                                    <span class=\"tlv__date\">\n                                        1998                                    <\/span>\n                                <\/div>\n                                \t\t                        <h3 class=\"tlv__title\">ENLARGEMENT\t\t                        <\/h3>\t\t                        <div class=\"tlv__text\"><p>Do you remember the time when it was your osteopaths who shared the reception and the counter was all the way at the back of the clinic, hidden behind the stairs? Those were the good old days! It was towards the end of that secondary period from 1995 to 2010 that significant renovations took place upstairs. They added a total of two offices, a kitchenette, a shower, and say goodbye to the spooky attic!<\/p>\t\t                        <\/div>\t                    <\/div>\n                    <\/div>\n                <\/div>\n\n            <\/div>            <div class=\"tlv__item has_media\">\n                <div class=\"tlv__curve-wrapper\"><span><\/span><\/div>\n                <div class=\"tlv__volume-wrapper\">\n                                            <div class=\"tlv__media\"><img decoding=\"async\" class=\"tlv__thumbnail--idle\" src=\"https:\/\/axeosteo.com\/wp-content\/uploads\/2024\/10\/logo-historique.jpg\" alt=\"logo-historique\"\/>                        <\/div>                    <div class=\"tlv__content-wrapper\">\n\t                    <div class=\"tlv__content\">\n                                                            <div class=\"tlv__date-wrapper\">\n                                    <span class=\"tlv__date\">\n                                        2010                                    <\/span>\n                                <\/div>\n                                \t\t                        <h3 class=\"tlv__title\">A CHANGE OF GUARD\t\t                        <\/h3>\t\t                        <div class=\"tlv__text\"><p>It is also at this moment that the original instigator, Viviane Riopel, finds herself as the sole shareholder, and the desire to pass the torch increasingly stimulates her. From 2010 to 2012, a change of leadership takes place at Physioth\u00e9rapie des Mille-Iles. The new owners, young and passionate, want to change the world... So they start by involving you a little: Physioth\u00e9rapie des Mille-Iles becomes Ax\u00e9 Ost\u00e9o in 2014. The faces and the service remain the same, ensuring stability for everyone.<\/p>\t\t                        <\/div>\t                    <\/div>\n                    <\/div>\n                <\/div>\n\n            <\/div>                <\/div><div class=\"tlv__items-wrapper\">            <div class=\"tlv__item has_media\">\n                <div class=\"tlv__curve-wrapper\"><span><\/span><\/div>\n                <div class=\"tlv__volume-wrapper\">\n                                            <div class=\"tlv__media\"><img decoding=\"async\" class=\"tlv__thumbnail--idle\" src=\"https:\/\/axeosteo.com\/wp-content\/uploads\/2024\/07\/photo1.jpg\" alt=\"photo1\"\/>                        <\/div>                    <div class=\"tlv__content-wrapper\">\n\t                    <div class=\"tlv__content\">\n                                                            <div class=\"tlv__date-wrapper\">\n                                    <span class=\"tlv__date\">\n                                        2016                                    <\/span>\n                                <\/div>\n                                \t\t                        <h3 class=\"tlv__title\">A NEW GROUND FLOOR\t\t                        <\/h3>\t\t                        <div class=\"tlv__text\"><p>As this first change goes rather smoothly, we have stepped up the adaptation by having you now turn 90 degrees in the archway to enter the waiting room! It was in 2016 that the ground floor of the clinic took a turn. Gone is the reception at the back, somewhat hidden and not very inviting; in come the light and the smiling faces of our receptionists!<\/p>\t\t                        <\/div>\t                    <\/div>\n                    <\/div>\n                <\/div>\n\n            <\/div>            <div class=\"tlv__item has_media\">\n                <div class=\"tlv__curve-wrapper\"><span><\/span><\/div>\n                <div class=\"tlv__volume-wrapper\">\n                                            <div class=\"tlv__media\"><img decoding=\"async\" class=\"tlv__thumbnail--idle\" src=\"https:\/\/axeosteo.com\/wp-content\/uploads\/2024\/07\/photo3.jpg\" alt=\"photo3\"\/>                        <\/div>                    <div class=\"tlv__content-wrapper\">\n\t                    <div class=\"tlv__content\">\n                                                            <div class=\"tlv__date-wrapper\">\n                                    <span class=\"tlv__date\">\n                                        2024                                    <\/span>\n                                <\/div>\n                                \t\t                        <h3 class=\"tlv__title\">A PROMISING FUTURE\t\t                        <\/h3>\t\t                        <div class=\"tlv__text\"><p>It seems that since these tumultuous times, the clinic you have embraced and come to know is in a bit of a golden age... Its walls have seen a lot of people and stories that could keep you awake at night! Of course, who knows what the future holds for us? In fact, we may know, but we\u2019ll keep it a surprise for you! You'll see!<\/p>\t\t                        <\/div>\t                    <\/div>\n                    <\/div>\n                <\/div>\n\n            <\/div>        <\/div>\n        <div class=\"tlv__items-end\"><\/div><\/div>\t\t<\/div>\n\t\t\t\t<\/div>\n\t\t\t\t\t<\/div>\n\t\t<\/div>\n\t\t\t\t\t<\/div>\n\t\t<\/section>\n\t\t\t\t<\/div>\n\t\t","protected":false},"excerpt":{"rendered":"<p>We have been here for you for thirty years and have been firmly established in the heart of Rosem\u00e8re since 1995. It is the satisfaction of our clientele that fills our schedule, but we also enjoy the trust of the local medical community, which regularly refers to us for issues they encounter that are functional [&hellip;]<\/p>\n","protected":false},"author":1,"featured_media":0,"parent":0,"menu_order":0,"comment_status":"closed","ping_status":"closed","template":"","meta":{"slim_seo":{"title":"Since Thirty Years","description":"We have been here for you for thirty years and have been firmly established in the heart of Rosem\u00e8re since 1995."},"footnotes":""},"class_list":["post-6365","page","type-page","status-publish","hentry"],"_links":{"self":[{"href":"https:\/\/axeosteo.com\/en\/wp-json\/wp\/v2\/pages\/6365","targetHints":{"allow":["GET"]}}],"collection":[{"href":"https:\/\/axeosteo.com\/en\/wp-json\/wp\/v2\/pages"}],"about":[{"href":"https:\/\/axeosteo.com\/en\/wp-json\/wp\/v2\/types\/page"}],"author":[{"embeddable":true,"href":"https:\/\/axeosteo.com\/en\/wp-json\/wp\/v2\/users\/1"}],"replies":[{"embeddable":true,"href":"https:\/\/axeosteo.com\/en\/wp-json\/wp\/v2\/comments?post=6365"}],"version-history":[{"count":1,"href":"https:\/\/axeosteo.com\/en\/wp-json\/wp\/v2\/pages\/6365\/revisions"}],"predecessor-version":[{"id":7260,"href":"https:\/\/axeosteo.com\/en\/wp-json\/wp\/v2\/pages\/6365\/revisions\/7260"}],"wp:attachment":[{"href":"https:\/\/axeosteo.com\/en\/wp-json\/wp\/v2\/media?parent=6365"}],"curies":[{"name":"wp","href":"https:\/\/api.w.org\/{rel}","templated":true}]}}